{"id":319,"date":"2022-11-22T16:19:46","date_gmt":"2022-11-22T08:19:46","guid":{"rendered":"https:\/\/eggtraym.com\/?post_type=product&#038;p=319"},"modified":"2024-06-20T15:25:40","modified_gmt":"2024-06-20T07:25:40","slug":"egg-box-machine","status":"publish","type":"product","link":"https:\/\/eggtraym.com\/de\/product\/egg-box-machine\/","title":{"rendered":"Eierkarton-Maschinen-Papierkarton-Formausr\u00fcstung"},"content":{"rendered":"<div class=\"kk-star-ratings kksr-auto kksr-align-left kksr-valign-top\"     data-payload='{&quot;align&quot;:&quot;left&quot;,&quot;id&quot;:&quot;319&quot;,&quot;slug&quot;:&quot;default&quot;,&quot;valign&quot;:&quot;top&quot;,&quot;ignore&quot;:&quot;&quot;,&quot;reference&quot;:&quot;auto&quot;,&quot;class&quot;:&quot;&quot;,&quot;count&quot;:&quot;96&quot;,&quot;legendonly&quot;:&quot;&quot;,&quot;readonly&quot;:&quot;&quot;,&quot;score&quot;:&quot;4.9&quot;,&quot;starsonly&quot;:&quot;&quot;,&quot;best&quot;:&quot;5&quot;,&quot;gap&quot;:&quot;5&quot;,&quot;greet&quot;:&quot;Rate this product&quot;,&quot;legend&quot;:&quot;4.9\\\/5 - (96 votes)&quot;,&quot;size&quot;:&quot;24&quot;,&quot;title&quot;:&quot;Egg Box Machine Paper Carton Molding Equipment&quot;,&quot;width&quot;:&quot;139.6&quot;,&quot;_legend&quot;:&quot;{score}\\\/{best} - ({count} {votes})&quot;,&quot;font_factor&quot;:&quot;1.25&quot;}'>              <div class=\"kksr-stars\">      <div class=\"kksr-stars-inactive\">             <div class=\"kksr-star\" data-star=\"1\" style=\"padding-right: 5px\">               <div class=\"kksr-icon\" style=\"width: 24px; height: 24px;\"><\/div>         <\/div>             <div class=\"kksr-star\" data-star=\"2\" style=\"padding-right: 5px\">               <div class=\"kksr-icon\" style=\"width: 24px; height: 24px;\"><\/div>         <\/div>             <div class=\"kksr-star\" data-star=\"3\" style=\"padding-right: 5px\">               <div class=\"kksr-icon\" style=\"width: 24px; height: 24px;\"><\/div>         <\/div>             <div class=\"kksr-star\" data-star=\"4\" style=\"padding-right: 5px\">               <div class=\"kksr-icon\" style=\"width: 24px; height: 24px;\"><\/div>         <\/div>             <div class=\"kksr-star\" data-star=\"5\" style=\"padding-right: 5px\">               <div class=\"kksr-icon\" style=\"width: 24px; height: 24px;\"><\/div>         <\/div>     <\/div>      <div class=\"kksr-stars-active\" style=\"width: 139.6px;\">             <div class=\"kksr-star\" style=\"padding-right: 5px\">               <div class=\"kksr-icon\" style=\"width: 24px; height: 24px;\"><\/div>         <\/div>             <div class=\"kksr-star\" style=\"padding-right: 5px\">               <div class=\"kksr-icon\" style=\"width: 24px; height: 24px;\"><\/div>         <\/div>             <div class=\"kksr-star\" style=\"padding-right: 5px\">               <div class=\"kksr-icon\" style=\"width: 24px; height: 24px;\"><\/div>         <\/div>             <div class=\"kksr-star\" style=\"padding-right: 5px\">               <div class=\"kksr-icon\" style=\"width: 24px; height: 24px;\"><\/div>         <\/div>             <div class=\"kksr-star\" style=\"padding-right: 5px\">               <div class=\"kksr-icon\" style=\"width: 24px; height: 24px;\"><\/div>         <\/div>     <\/div> <\/div>                   <div class=\"kksr-legend\" style=\"font-size: 19.2px;\">             4,9\/5 - (96 Stimmen)    <\/div>     <\/div>  <p>Die Eierkartonmaschine ist eine Maschine, die Altpapierbrei in Formen wie Eierschalen verarbeitet. Durch Formenbildungs- und Trocknungsprozesse erm\u00f6glicht es die Wiederverwendung von Altpapier und wird h\u00e4ufig in der Verpackungsindustrie eingesetzt. Wir stellen viele Modelle von Maschinen zur Eierkartonherstellung her, die den unterschiedlichen Produktionsanforderungen der Kunden gerecht werden. Kontaktieren Sie uns gerne f\u00fcr die Maschinenanpassung.<\/p>    <figure class=\"wp-block-embed aligncenter is-type-video is-provider-youtube wp-block-embed-youtube wp-embed-aspect-16-9 wp-has-aspect-ratio\"><div class=\"wp-block-embed__wrapper\"> <iframe loading=\"lazy\" title=\"M\u00fchelose Eierkartonproduktion: Erleben Sie die Magie unserer Eierablagemaschine!#eggtray #eggcarton\" width=\"500\" height=\"281\" src=\"https:\/\/www.youtube.com\/embed\/y_AmLniIsO4?feature=oembed\" frameborder=\"0\" allow=\"accelerometer; autoplay; clipboard-write; encrypted-media; gyroscope; picture-in-picture; web-share\" referrerpolicy=\"strict-origin-when-cross-origin\" allowfullscreen><\/iframe> <\/div><figcaption class=\"wp-element-caption\">Video zur Funktionsweise einer Eierkartonmaschine aus Papier<\/figcaption><\/figure>    <h2 class=\"wp-block-heading\">Kurze Einf\u00fchrung in die Eierkartonmaschine<\/h2>    <p>Unsere Eierkartonmaschine kann Eierkartons mit unterschiedlichen Spezifikationen herstellen. Und sie unterscheiden sich in der Anzahl der Eier, die sie enthalten. Es gibt zum Beispiel 4er-Packung, 6er-Packung, 8er-Packung, 12er-Packung, 24er-Packung usw. Wir k\u00f6nnen Eierkartons auch mit Sonderformen entsprechend den spezifischen Bed\u00fcrfnissen der Kunden anpassen. <\/p>    <p>Da die Leistung von Gro\u00dfmaschinen ebenfalls gro\u00df ist, empfehlen wir Kunden, eine Eierschalen-Produktionslinie mit anderen Maschinen zu bilden. Dies kann die Effizienz erheblich verbessern. Die Eierkartonmaschine mit kleiner Leistung kann als Einzelmaschine eingesetzt werden.<\/p>    <figure class=\"wp-block-gallery has-nested-images columns-default is-cropped wp-block-gallery-2 is-layout-flex wp-block-gallery-is-layout-flex\"> <figure class=\"wp-block-image size-large\"><img loading=\"lazy\" decoding=\"async\" width=\"720\" height=\"540\" data-id=\"328\" src=\"https:\/\/eggtraym.com\/wp-content\/uploads\/2022\/11\/egg-box-machine-2.webp\" alt=\"Eierkartonmaschine \" class=\"wp-image-328\" title=\"Eierkartonmaschine \" srcset=\"https:\/\/eggtraym.com\/wp-content\/uploads\/2022\/11\/egg-box-machine-2.webp 720w, https:\/\/eggtraym.com\/wp-content\/uploads\/2022\/11\/egg-box-machine-2-300x225.webp 300w\" sizes=\"auto, (max-width: 720px) 100vw, 720px\" \/><figcaption class=\"wp-element-caption\">Eierkartonmaschine <\/figcaption><\/figure>    <figure class=\"wp-block-image size-large\"><img loading=\"lazy\" decoding=\"async\" width=\"720\" height=\"540\" data-id=\"330\" src=\"https:\/\/eggtraym.com\/wp-content\/uploads\/2022\/11\/egg-carton-maker-1-1.webp\" alt=\"Eierkartonhersteller\" class=\"wp-image-330\" title=\"Eierkartonhersteller\" srcset=\"https:\/\/eggtraym.com\/wp-content\/uploads\/2022\/11\/egg-carton-maker-1-1.webp 720w, https:\/\/eggtraym.com\/wp-content\/uploads\/2022\/11\/egg-carton-maker-1-1-300x225.webp 300w\" sizes=\"auto, (max-width: 720px) 100vw, 720px\" \/><figcaption class=\"wp-element-caption\">Eierkartonhersteller<\/figcaption><\/figure> <\/figure>    <h2 class=\"wp-block-heading\">Rohstoffe zur Herstellung von Eierkartons<\/h2>    <p>Die Rohstoffe f\u00fcr Eierkartons sind verschiedene Altpapiere, wie Zeitungen, B\u00fccher, Zeitschriften, B\u00fcropapier, Kraftpapier, A4-Papier, Pappe usw.<\/p>   <div class=\"wp-block-image\"> <figure class=\"aligncenter size-full\"><img loading=\"lazy\" decoding=\"async\" width=\"720\" height=\"540\" src=\"https:\/\/eggtraym.com\/wp-content\/uploads\/2022\/11\/waste-paper-for-egg-box.webp\" alt=\"Altpapier f\u00fcr Eierkarton\" class=\"wp-image-634\" title=\"\" srcset=\"https:\/\/eggtraym.com\/wp-content\/uploads\/2022\/11\/waste-paper-for-egg-box.webp 720w, https:\/\/eggtraym.com\/wp-content\/uploads\/2022\/11\/waste-paper-for-egg-box-300x225.webp 300w, https:\/\/eggtraym.com\/wp-content\/uploads\/2022\/11\/waste-paper-for-egg-box-16x12.webp 16w\" sizes=\"auto, (max-width: 720px) 100vw, 720px\" \/><figcaption class=\"wp-element-caption\">Altpapier f\u00fcr Eierkarton<\/figcaption><\/figure> <\/div>  <div class=\"wp-block-image\"> <figure class=\"aligncenter size-full\"><img loading=\"lazy\" decoding=\"async\" width=\"720\" height=\"540\" src=\"https:\/\/eggtraym.com\/wp-content\/uploads\/2022\/11\/Raw-materials-.webp\" alt=\"Rohstoffe \" class=\"wp-image-331\" title=\"Rohstoffe \" srcset=\"https:\/\/eggtraym.com\/wp-content\/uploads\/2022\/11\/Raw-materials-.webp 720w, https:\/\/eggtraym.com\/wp-content\/uploads\/2022\/11\/Raw-materials--300x225.webp 300w\" sizes=\"auto, (max-width: 720px) 100vw, 720px\" \/><figcaption class=\"wp-element-caption\">Rohstoffe <\/figcaption><\/figure> <\/div>   <h2 class=\"wp-block-heading\">Verwendung von Eierkartons<\/h2>    <p>Wie der Name schon sagt, werden Eierkartons verwendet, um Eier zu halten. Die Verwendung von Eierkartons zum Verpacken von Eiern kann die Eier gr\u00f6\u00dftm\u00f6glich sch\u00fctzen und St\u00f6\u00dfe reduzieren. Gleichzeitig erleichtert die Verpackung von Eiern das Z\u00e4hlen f\u00fcr die Menschen. Dar\u00fcber hinaus ist es auch f\u00f6rderlich f\u00fcr das Stapeln von Eiern, was die Grundfl\u00e4che zur Lagerung von Eiern verringern kann.<\/p>   <div class=\"wp-block-image\"> <figure class=\"aligncenter size-full\"><img loading=\"lazy\" decoding=\"async\" width=\"720\" height=\"540\" src=\"https:\/\/eggtraym.com\/wp-content\/uploads\/2022\/11\/egg-carton-production.webp\" alt=\"Herstellung von Eierkartons\" class=\"wp-image-652\" title=\"\" srcset=\"https:\/\/eggtraym.com\/wp-content\/uploads\/2022\/11\/egg-carton-production.webp 720w, https:\/\/eggtraym.com\/wp-content\/uploads\/2022\/11\/egg-carton-production-300x225.webp 300w, https:\/\/eggtraym.com\/wp-content\/uploads\/2022\/11\/egg-carton-production-16x12.webp 16w\" sizes=\"auto, (max-width: 720px) 100vw, 720px\" \/><figcaption class=\"wp-element-caption\">Herstellung von Eierkartons<\/figcaption><\/figure> <\/div>   <h2 class=\"wp-block-heading\">Design der Eierablage aus Papier<\/h2>    <p>Unsere Eierkartonmaschine kann Eierkartons herstellen, die h\u00e4ufig auf dem Markt verwendet werden. Gleichzeitig k\u00f6nnen wir auch Eierkartons mit einzigartigem Design herstellen. Kunden m\u00fcssen uns detaillierte Informationen zu den Eierkartons geben, die sie ben\u00f6tigen. Und wir werden die Eierkartonformen entsprechend den Informationen anpassen.<\/p>   <div class=\"wp-block-image\"> <figure class=\"aligncenter size-full\"><img loading=\"lazy\" decoding=\"async\" width=\"720\" height=\"540\" src=\"https:\/\/eggtraym.com\/wp-content\/uploads\/2022\/11\/Egg-box-design-.webp\" alt=\"Eierkarton-Design\" class=\"wp-image-332\" title=\"Eierkarton-Design\" srcset=\"https:\/\/eggtraym.com\/wp-content\/uploads\/2022\/11\/Egg-box-design-.webp 720w, https:\/\/eggtraym.com\/wp-content\/uploads\/2022\/11\/Egg-box-design--300x225.webp 300w\" sizes=\"auto, (max-width: 720px) 100vw, 720px\" \/><figcaption class=\"wp-element-caption\">Eierkarton-Design<\/figcaption><\/figure> <\/div>  <div class=\"wp-block-image\"> <figure class=\"aligncenter size-full\"><img loading=\"lazy\" decoding=\"async\" width=\"720\" height=\"540\" src=\"https:\/\/eggtraym.com\/wp-content\/uploads\/2022\/11\/paper-carton-production.webp\" alt=\"Herstellung von Papierkartons\" class=\"wp-image-650\" title=\"\" srcset=\"https:\/\/eggtraym.com\/wp-content\/uploads\/2022\/11\/paper-carton-production.webp 720w, https:\/\/eggtraym.com\/wp-content\/uploads\/2022\/11\/paper-carton-production-300x225.webp 300w, https:\/\/eggtraym.com\/wp-content\/uploads\/2022\/11\/paper-carton-production-16x12.webp 16w\" sizes=\"auto, (max-width: 720px) 100vw, 720px\" \/><figcaption class=\"wp-element-caption\">Herstellung von Papierkartons<\/figcaption><\/figure> <\/div>   <h2 class=\"wp-block-heading\">Zusammensetzung der Produktionslinie f\u00fcr Eierkartons<\/h2>    <p>Im Allgemeinen werden Hochleistungs-Eierkartonmaschinen mit anderen Maschinen zu einer Produktionslinie ausgestattet. Zu den ausgestatteten Maschinen geh\u00f6ren ein Pulper, eine Eierkartonmaschine, ein Trockner, eine Hei\u00dfpresse, eine Verpackungsmaschine usw. Mit der Produktionslinie f\u00fcr Eierkartonmaschinen k\u00f6nnen Eierkartons effizient hergestellt werden. Und das fertige Produkt ist kompakter und sch\u00f6ner.<\/p>    <figure class=\"wp-block-gallery has-nested-images columns-2 is-cropped wp-block-gallery-3 is-layout-flex wp-block-gallery-is-layout-flex\"> <figure class=\"wp-block-image size-large\"><img loading=\"lazy\" decoding=\"async\" width=\"720\" height=\"540\" data-id=\"326\" src=\"https:\/\/eggtraym.com\/wp-content\/uploads\/2022\/11\/paper-shredder-.webp\" alt=\"Papierzellstoffmaschine \" class=\"wp-image-326\" title=\"Papierzellstoffmaschine \" srcset=\"https:\/\/eggtraym.com\/wp-content\/uploads\/2022\/11\/paper-shredder-.webp 720w, https:\/\/eggtraym.com\/wp-content\/uploads\/2022\/11\/paper-shredder--300x225.webp 300w\" sizes=\"auto, (max-width: 720px) 100vw, 720px\" \/><figcaption class=\"wp-element-caption\">Papierzellstoffmaschine <\/figcaption><\/figure>    <figure class=\"wp-block-image size-large\"><img loading=\"lazy\" decoding=\"async\" width=\"720\" height=\"540\" data-id=\"333\" src=\"https:\/\/eggtraym.com\/wp-content\/uploads\/2022\/11\/egg-tray-molding-machine-.webp\" alt=\"Eierschalenformmaschine \" class=\"wp-image-333\" title=\"Eierschalenformmaschine \" srcset=\"https:\/\/eggtraym.com\/wp-content\/uploads\/2022\/11\/egg-tray-molding-machine-.webp 720w, https:\/\/eggtraym.com\/wp-content\/uploads\/2022\/11\/egg-tray-molding-machine--300x225.webp 300w\" sizes=\"auto, (max-width: 720px) 100vw, 720px\" \/><figcaption class=\"wp-element-caption\">Eierablage-Formmaschine<\/figcaption><\/figure>    <figure class=\"wp-block-image size-large\"><img loading=\"lazy\" decoding=\"async\" width=\"720\" height=\"540\" data-id=\"335\" src=\"https:\/\/eggtraym.com\/wp-content\/uploads\/2022\/11\/metal-egg-tray-dryer-.webp\" alt=\"Eierkartontrockner aus Metall\" class=\"wp-image-335\" title=\"Eierkartontrockner aus Metall\" srcset=\"https:\/\/eggtraym.com\/wp-content\/uploads\/2022\/11\/metal-egg-tray-dryer-.webp 720w, https:\/\/eggtraym.com\/wp-content\/uploads\/2022\/11\/metal-egg-tray-dryer--300x225.webp 300w\" sizes=\"auto, (max-width: 720px) 100vw, 720px\" \/><figcaption class=\"wp-element-caption\">Eierkartontrockner aus Metall<\/figcaption><\/figure>    <figure class=\"wp-block-image size-large\"><img loading=\"lazy\" decoding=\"async\" width=\"720\" height=\"540\" data-id=\"336\" src=\"https:\/\/eggtraym.com\/wp-content\/uploads\/2022\/11\/hot-press-machine-.webp\" alt=\"Hei\u00dfpressmaschine\" class=\"wp-image-336\" title=\"Hei\u00dfpressmaschine\" srcset=\"https:\/\/eggtraym.com\/wp-content\/uploads\/2022\/11\/hot-press-machine-.webp 720w, https:\/\/eggtraym.com\/wp-content\/uploads\/2022\/11\/hot-press-machine--300x225.webp 300w\" sizes=\"auto, (max-width: 720px) 100vw, 720px\" \/><figcaption class=\"wp-element-caption\">Hei\u00dfpressmaschine<\/figcaption><\/figure> <\/figure>    <h2 class=\"wp-block-heading\">Welche Faktoren m\u00fcssen Sie bei der Auswahl einer Eierkartonformmaschine ber\u00fccksichtigen?<\/h2>    <ol class=\"wp-block-list\"> <li>Wie viele Kartons ben\u00f6tigen Sie t\u00e4glich?<\/li>    <li>Wie viel Landfl\u00e4che planen Sie f\u00fcr den Bau der Fabrik zu nutzen?<\/li>    <li>Wie hoch ist die \u00f6rtliche Spannung?<\/li>    <li>Wir haben drei verschiedene Trocknungsger\u00e4te. Welchen Trocknertyp ben\u00f6tigen Sie?<\/li> <\/ol>    <p>Diese Fragen sind nur einige von vielen Fragen und weitere Details m\u00fcssen mit Ihnen abgekl\u00e4rt werden. Wenn Sie an unseren Produkten interessiert sind, kontaktieren Sie uns bitte umgehend. Wir werden Ihnen eine professionelle Antwort geben.<\/p>    <figure class=\"wp-block-gallery has-nested-images columns-default is-cropped wp-block-gallery-4 is-layout-flex wp-block-gallery-is-layout-flex\"> <figure class=\"wp-block-image size-large\"><img loading=\"lazy\" decoding=\"async\" width=\"720\" height=\"540\" data-id=\"637\" src=\"https:\/\/eggtraym.com\/wp-content\/uploads\/2022\/11\/6000pcs-paper-tray-forming-machine.webp\" alt=\"6000 St\u00fcck Papierfachformmaschine\" class=\"wp-image-637\" title=\"\" srcset=\"https:\/\/eggtraym.com\/wp-content\/uploads\/2022\/11\/6000pcs-paper-tray-forming-machine.webp 720w, https:\/\/eggtraym.com\/wp-content\/uploads\/2022\/11\/6000pcs-paper-tray-forming-machine-300x225.webp 300w, https:\/\/eggtraym.com\/wp-content\/uploads\/2022\/11\/6000pcs-paper-tray-forming-machine-16x12.webp 16w\" sizes=\"auto, (max-width: 720px) 100vw, 720px\" \/><figcaption class=\"wp-element-caption\">6000-teilige Papierfachformmaschine<\/figcaption><\/figure>    <figure class=\"wp-block-image size-large\"><img loading=\"lazy\" decoding=\"async\" width=\"720\" height=\"540\" data-id=\"638\" src=\"https:\/\/eggtraym.com\/wp-content\/uploads\/2022\/11\/large-egg-box-making-machine.webp\" alt=\"Gro\u00dfe Maschine zur Herstellung von Eierkartons\" class=\"wp-image-638\" title=\"\" srcset=\"https:\/\/eggtraym.com\/wp-content\/uploads\/2022\/11\/large-egg-box-making-machine.webp 720w, https:\/\/eggtraym.com\/wp-content\/uploads\/2022\/11\/large-egg-box-making-machine-300x225.webp 300w, https:\/\/eggtraym.com\/wp-content\/uploads\/2022\/11\/large-egg-box-making-machine-16x12.webp 16w\" sizes=\"auto, (max-width: 720px) 100vw, 720px\" \/><figcaption class=\"wp-element-caption\">Gro\u00dfe Maschine zur Herstellung von Eierkartons<\/figcaption><\/figure> <\/figure>    <h2 class=\"wp-block-heading\">Maschine zur Herstellung von Eierkartons nach Kamerun verkauft<\/h2>    <p class=\"translation-block\">Unsere Kunden aus <a href=\"https:\/\/en.wikipedia.org\/wiki\/Cameroon\" target=\"_blank\" rel=\"noopener\">Kamerun<\/a> hatten eine vorherige Farm und wollten auf die Herstellung von Eierkartons umsteigen. Nachdem wir die Nachricht des Kunden erhalten hatten, haben wir dem Kunden sofort Bilder und Videos von der Eierboxmaschine zur Verf\u00fcgung gestellt. <\/p>    <p>Da es f\u00fcr den Kunden das erste Mal ist, mit dem Gesch\u00e4ft mit Eierablagemaschinen zu beginnen, empfehlen wir dem Kunden ein kleines Modell einer Eierablagemaschine. Anschlie\u00dfend wurden dem Kunden die Parameter der Eierkartonmaschine zur Verf\u00fcgung gestellt. Der Kunde entschied sich nach \u00dcberlegung f\u00fcr den Kauf dieser kleinen Eierkartonmaschine des Modells SL-3*1.<\/p>   <div class=\"wp-block-image\"> <figure class=\"aligncenter size-full is-resized\"><img loading=\"lazy\" decoding=\"async\" width=\"720\" height=\"540\" src=\"https:\/\/eggtraym.com\/wp-content\/uploads\/2022\/11\/egg-tray-machine-for-shipping-.webp\" alt=\"Eierablagemaschine f\u00fcr den Versand\" class=\"wp-image-341\" style=\"width:720px;height:540px\" title=\"Eierablagemaschine f\u00fcr den Versand\" srcset=\"https:\/\/eggtraym.com\/wp-content\/uploads\/2022\/11\/egg-tray-machine-for-shipping-.webp 720w, https:\/\/eggtraym.com\/wp-content\/uploads\/2022\/11\/egg-tray-machine-for-shipping--300x225.webp 300w\" sizes=\"auto, (max-width: 720px) 100vw, 720px\" \/><figcaption class=\"wp-element-caption\">Eierablagemaschine f\u00fcr den Versand<\/figcaption><\/figure> <\/div>   <h2 class=\"wp-block-heading\">Gesch\u00e4ftskosten einer Produktionslinie f\u00fcr Eierablagemaschinen<\/h2>    <p class=\"translation-block\">Aufgrund der unterschiedlichen Konfigurationen der Produktionslinie sind die Kosten der <strong><em><a href=\"https:\/\/eggtraym.com\/de\/product\/egg-tray-manufacturing-plant\/\">Papier-Eierkartonmaschinen-Produktionslinie<\/a><\/em><\/strong> ebenfalls unterschiedlich.<\/p>    <ol class=\"wp-block-list\"> <li>Was die Trocknungsausr\u00fcstung betrifft, verf\u00fcgen wir \u00fcber Ziegeltrocknungslinien und Metalltrocknungslinien. Sie unterscheiden sich in den Bau- und Ausstattungskosten. Und wir empfehlen Ihnen die richtige Trocknungsausr\u00fcstung f\u00fcr Ihre spezifische Situation.<\/li>    <li>Sonstige Ausr\u00fcstung. Zus\u00e4tzlich zur Trocknungsausr\u00fcstung verf\u00fcgt die Eierkarton-Produktionslinie auch \u00fcber andere Ger\u00e4te, wie zum Beispiel Eierkarton-W\u00e4rmepressen und Eierkarton-Verpackungsmaschinen, einschlie\u00dflich Eierkarton-Stapler. Obwohl die Anschaffung dieser Ger\u00e4te die Kosten erh\u00f6ht, kann sie die Effizienz erheblich verbessern.<\/li> <\/ol>    <h2 class=\"wp-block-heading\">Shuliy's Eierkartonmaschine<\/h2>    <ul class=\"wp-block-list\"> <li>Unser Getriebe wird aus Taiwan importiert, was energiesparender ist und reibungslos l\u00e4uft.<\/li>    <li>Das Trocknungssystem verwendet eine einschichtige energiesparende und umweltfreundliche Trocknungslinie. Diese Art von Produktionslinie f\u00fcr Eierkartonmaschinen ist energiesparender, die Stahlkonstruktion ist einschichtig getrocknet und die Installation ist bequem, praktisch und sch\u00f6n.<\/li>    <li>W\u00e4hrend des gesamten Einsatzes der Maschine kann kein Abwasser recycelt werden.<\/li>    <li>Der Hauptrahmen besteht aus verdicktem 20#-Kanalstahl und die \u00dcbertragungswelle besteht aus einer Gleitwelle, um Stabilit\u00e4t zu gew\u00e4hrleisten.<\/li> <\/ul>    <figure class=\"wp-block-gallery has-nested-images columns-default is-cropped wp-block-gallery-5 is-layout-flex wp-block-gallery-is-layout-flex\"> <figure class=\"wp-block-image size-large\"><img loading=\"lazy\" decoding=\"async\" width=\"720\" height=\"540\" data-id=\"338\" src=\"https:\/\/eggtraym.com\/wp-content\/uploads\/2022\/11\/egg-tray-molding-machine-2.webp\" alt=\"Eierschalenformmaschine\" class=\"wp-image-338\" title=\"Eierschalenformmaschine\" srcset=\"https:\/\/eggtraym.com\/wp-content\/uploads\/2022\/11\/egg-tray-molding-machine-2.webp 720w, https:\/\/eggtraym.com\/wp-content\/uploads\/2022\/11\/egg-tray-molding-machine-2-300x225.webp 300w\" sizes=\"auto, (max-width: 720px) 100vw, 720px\" \/><figcaption class=\"wp-element-caption\">Eierablage-Formmaschine<\/figcaption><\/figure>    <figure class=\"wp-block-image size-large\"><img loading=\"lazy\" decoding=\"async\" width=\"720\" height=\"540\" data-id=\"339\" src=\"https:\/\/eggtraym.com\/wp-content\/uploads\/2022\/11\/egg-trays-.webp\" alt=\"Eierablagen\" class=\"wp-image-339\" title=\"Eierablagen\" srcset=\"https:\/\/eggtraym.com\/wp-content\/uploads\/2022\/11\/egg-trays-.webp 720w, https:\/\/eggtraym.com\/wp-content\/uploads\/2022\/11\/egg-trays--300x225.webp 300w\" sizes=\"auto, (max-width: 720px) 100vw, 720px\" \/><figcaption class=\"wp-element-caption\">Eierablagen<\/figcaption><\/figure> <\/figure>","protected":false},"excerpt":{"rendered":"<p>Die Eierkartonmaschine ist eine Maschine, die Altpapierbrei in Formen wie Eierschalen verarbeitet. Es handelt sich um eine umweltfreundliche Maschine, die in vielen L\u00e4ndern eingesetzt wird.<\/p>","protected":false},"author":1,"featured_media":327,"parent":0,"template":"","tags":[47,41,42],"product-type":[3],"class_list":["post-319","product","type-product","status-publish","has-post-thumbnail","hentry","tag-egg-box","tag-egg-tray","tag-paper-tray","product-type-egg-tray-making-machine"],"_links":{"self":[{"href":"https:\/\/eggtraym.com\/de\/wp-json\/wp\/v2\/product\/319","targetHints":{"allow":["GET"]}}],"collection":[{"href":"https:\/\/eggtraym.com\/de\/wp-json\/wp\/v2\/product"}],"about":[{"href":"https:\/\/eggtraym.com\/de\/wp-json\/wp\/v2\/types\/product"}],"author":[{"embeddable":true,"href":"https:\/\/eggtraym.com\/de\/wp-json\/wp\/v2\/users\/1"}],"wp:featuredmedia":[{"embeddable":true,"href":"https:\/\/eggtraym.com\/de\/wp-json\/wp\/v2\/media\/327"}],"wp:attachment":[{"href":"https:\/\/eggtraym.com\/de\/wp-json\/wp\/v2\/media?parent=319"}],"wp:term":[{"taxonomy":"post_tag","embeddable":true,"href":"https:\/\/eggtraym.com\/de\/wp-json\/wp\/v2\/tags?post=319"},{"taxonomy":"product-type","embeddable":true,"href":"https:\/\/eggtraym.com\/de\/wp-json\/wp\/v2\/product-type?post=319"}],"curies":[{"name":"wp","href":"https:\/\/api.w.org\/{rel}","templated":true}]}}