{"id":232,"date":"2022-09-16T10:23:05","date_gmt":"2022-09-16T10:23:05","guid":{"rendered":"https:\/\/eggtraym.com\/?post_type=product&#038;p=232"},"modified":"2026-02-10T13:51:00","modified_gmt":"2026-02-10T05:51:00","slug":"egg-carton-production-line","status":"publish","type":"product","link":"https:\/\/eggtraym.com\/de\/product\/egg-carton-production-line\/","title":{"rendered":"Eierkarton-Produktionslinie, Papierschalen-Herstellungsmaschinen"},"content":{"rendered":"<div class=\"kk-star-ratings kksr-auto kksr-align-left kksr-valign-top\"     data-payload='{&quot;align&quot;:&quot;left&quot;,&quot;id&quot;:&quot;232&quot;,&quot;slug&quot;:&quot;default&quot;,&quot;valign&quot;:&quot;top&quot;,&quot;ignore&quot;:&quot;&quot;,&quot;reference&quot;:&quot;auto&quot;,&quot;class&quot;:&quot;&quot;,&quot;count&quot;:&quot;88&quot;,&quot;legendonly&quot;:&quot;&quot;,&quot;readonly&quot;:&quot;&quot;,&quot;score&quot;:&quot;4.8&quot;,&quot;starsonly&quot;:&quot;&quot;,&quot;best&quot;:&quot;5&quot;,&quot;gap&quot;:&quot;5&quot;,&quot;greet&quot;:&quot;Rate this product&quot;,&quot;legend&quot;:&quot;4.8\\\/5 - (88 votes)&quot;,&quot;size&quot;:&quot;24&quot;,&quot;title&quot;:&quot;Egg Carton Production Line Paper Tray Making Machines&quot;,&quot;width&quot;:&quot;136.7&quot;,&quot;_legend&quot;:&quot;{score}\\\/{best} - ({count} {votes})&quot;,&quot;font_factor&quot;:&quot;1.25&quot;}'>              <div class=\"kksr-stars\">      <div class=\"kksr-stars-inactive\">             <div class=\"kksr-star\" data-star=\"1\" style=\"padding-right: 5px\">               <div class=\"kksr-icon\" style=\"width: 24px; height: 24px;\"><\/div>         <\/div>             <div class=\"kksr-star\" data-star=\"2\" style=\"padding-right: 5px\">               <div class=\"kksr-icon\" style=\"width: 24px; height: 24px;\"><\/div>         <\/div>             <div class=\"kksr-star\" data-star=\"3\" style=\"padding-right: 5px\">               <div class=\"kksr-icon\" style=\"width: 24px; height: 24px;\"><\/div>         <\/div>             <div class=\"kksr-star\" data-star=\"4\" style=\"padding-right: 5px\">               <div class=\"kksr-icon\" style=\"width: 24px; height: 24px;\"><\/div>         <\/div>             <div class=\"kksr-star\" data-star=\"5\" style=\"padding-right: 5px\">               <div class=\"kksr-icon\" style=\"width: 24px; height: 24px;\"><\/div>         <\/div>     <\/div>      <div class=\"kksr-stars-active\" style=\"width: 136.7px;\">             <div class=\"kksr-star\" style=\"padding-right: 5px\">               <div class=\"kksr-icon\" style=\"width: 24px; height: 24px;\"><\/div>         <\/div>             <div class=\"kksr-star\" style=\"padding-right: 5px\">               <div class=\"kksr-icon\" style=\"width: 24px; height: 24px;\"><\/div>         <\/div>             <div class=\"kksr-star\" style=\"padding-right: 5px\">               <div class=\"kksr-icon\" style=\"width: 24px; height: 24px;\"><\/div>         <\/div>             <div class=\"kksr-star\" style=\"padding-right: 5px\">               <div class=\"kksr-icon\" style=\"width: 24px; height: 24px;\"><\/div>         <\/div>             <div class=\"kksr-star\" style=\"padding-right: 5px\">               <div class=\"kksr-icon\" style=\"width: 24px; height: 24px;\"><\/div>         <\/div>     <\/div> <\/div>                   <div class=\"kksr-legend\" style=\"font-size: 19.2px;\">             4,8\/5 - (88 Stimmen)    <\/div>     <\/div>  <p>Die Eierkarton-Produktionslinie ist ein komplettes Ger\u00e4tesystem, das Pulpen, Formen, Trocknen und Verpacken integriert und f\u00fcr die effiziente Produktion von pulpgeformten Eiertrays konzipiert ist.<\/p>    <p>Benutzer m\u00fcssen nur dieses komplette Set an Ger\u00e4ten kaufen, ohne zus\u00e4tzliche Hilfseinrichtungen erwerben zu m\u00fcssen. Sie k\u00f6nnen direkt mit dem Gesch\u00e4ft der Eierkartonproduktion beginnen.<\/p>    <p>Diese zentralisierte Konfiguration spart nicht nur erheblich Zeit bei der Auswahl und Einkaufskosten, sondern vereinfacht auch den Betriebsprozess und verbessert die Produktionseffizienz.<\/p>    <p>Mit einer Kapazit\u00e4t von 1.000-8.000 St\u00fcck\/Stunde ist es eine ideale Wahl f\u00fcr Start-up-Fabriken, kleine Verarbeitungsanlagen oder Expansionsprojekte in der Produktion.<\/p>    <figure class=\"wp-block-embed aligncenter is-type-video is-provider-youtube wp-block-embed-youtube wp-embed-aspect-16-9 wp-has-aspect-ratio\"><div class=\"wp-block-embed__wrapper\"> <iframe loading=\"lazy\" title=\"Vollautomatische Eierablage-Produktionslinie zum Formen von Zellstoff in Sambia. Kundenfeedback vor Ort\" width=\"500\" height=\"281\" src=\"https:\/\/www.youtube.com\/embed\/jZivhVJ6DFA?feature=oembed\" frameborder=\"0\" allow=\"accelerometer; autoplay; clipboard-write; encrypted-media; gyroscope; picture-in-picture; web-share\" referrerpolicy=\"strict-origin-when-cross-origin\" allowfullscreen><\/iframe> <\/div><figcaption class=\"wp-element-caption\">Gesamter Prozess der Eierkarton-Produktionslinie<\/figcaption><\/figure>    <h2 class=\"wp-block-heading\">Fertige Produkte der Eierkartonproduktionslinie<\/h2>    <p>Die Eierkartonproduktionslinie kann nicht nur zur Herstellung traditioneller Eiertrays verwendet werden, sondern auch zur Herstellung von Pulpmolding-Produkten f\u00fcr verschiedene Zwecke, abh\u00e4ngig von den \u00c4nderungen der Formen und Anforderungen. Sie wird in vielen Bereichen wie Landwirtschaft, Lebensmittelverpackung und Logistikschutz weit verbreitet eingesetzt.<\/p>    <ul class=\"wp-block-list\"> <li>Standard 30er und 6\/10\/12er Einzelhandels-Eierkartons (mit oder ohne Deckel).<\/li>    <li>Gemischte Obsttabletts, wie \u00c4pfel, Mandarinen usw. Sto\u00dffeste Verpackung.<\/li>    <li>2-Tassen oder 4-Tassen Pulp-Kaffeebecherhalter, umweltfreundliche Alternative zu Plastik.<\/li>    <li>Schuhst\u00fctzen oder Schuhtabletts f\u00fcr Transport und Styling-Schutz.<\/li>    <li>D\u00e4mpfungstablett f\u00fcr elektronische Produkte, wie Kopfh\u00f6rer, Batterien und andere sto\u00dffeste Verpackungen.<\/li>    <li>Pharmazeutische Tabletts, sichere Verpackung f\u00fcr zerbrechliche Produkte wie Medikamentenflaschen, Ampullen usw.<\/li>    <li>Unterst\u00fctzung f\u00fcr ma\u00dfgeschneiderte Formen zur Herstellung personalisierter Tabletts wie Gl\u00fchbirnen-Tabletts, Weinflaschen-Tabletts, Kosmetik-Tabletts usw.<\/li> <\/ul>    <figure class=\"wp-block-gallery has-nested-images columns-default is-cropped wp-block-gallery-2 is-layout-flex wp-block-gallery-is-layout-flex\"> <figure class=\"wp-block-image size-large\"><img loading=\"lazy\" decoding=\"async\" width=\"720\" height=\"540\" data-id=\"234\" src=\"https:\/\/eggtraym.com\/wp-content\/uploads\/2022\/09\/egg-tray-1.webp\" alt=\"Eierablage \" class=\"wp-image-234\" title=\"Eierablage \" srcset=\"https:\/\/eggtraym.com\/wp-content\/uploads\/2022\/09\/egg-tray-1.webp 720w, https:\/\/eggtraym.com\/wp-content\/uploads\/2022\/09\/egg-tray-1-300x225.webp 300w\" sizes=\"auto, (max-width: 720px) 100vw, 720px\" \/><figcaption class=\"wp-element-caption\">Eierablage <\/figcaption><\/figure>    <figure class=\"wp-block-image size-large\"><img loading=\"lazy\" decoding=\"async\" width=\"720\" height=\"540\" data-id=\"235\" src=\"https:\/\/eggtraym.com\/wp-content\/uploads\/2022\/09\/fruit-tray-.webp\" alt=\"Obsttablett \" class=\"wp-image-235\" title=\"Obsttablett \" srcset=\"https:\/\/eggtraym.com\/wp-content\/uploads\/2022\/09\/fruit-tray-.webp 720w, https:\/\/eggtraym.com\/wp-content\/uploads\/2022\/09\/fruit-tray--300x225.webp 300w\" sizes=\"auto, (max-width: 720px) 100vw, 720px\" \/><figcaption class=\"wp-element-caption\">Obsttablett <\/figcaption><\/figure> <\/figure>    <h2 class=\"wp-block-heading\">Was ist hochwertiger Zellstoff?<\/h2>    <p>Um hochwertiges Zellstoff zu erzeugen, ben\u00f6tigt man zun\u00e4chst eine hochwertige Zellstoffmaschine. Eine hochwertige Zellstoffmaschine arbeitet reibungslos und leistungsstark, um das Altpapier-Rohmaterial effektiv zu verarbeiten. Der behandelte Zellstoff ist fein und gleichm\u00e4\u00dfig. Dar\u00fcber hinaus m\u00fcssen wir das Rohmaterial sauber behandeln und Verunreinigungen entfernen.<\/p>    <figure class=\"wp-block-embed aligncenter is-type-video is-provider-youtube wp-block-embed-youtube wp-embed-aspect-16-9 wp-has-aspect-ratio\"><div class=\"wp-block-embed__wrapper\"> <iframe loading=\"lazy\" title=\"Der gesamte Prozess der Papier-Eierkarton-Herstellungslinie enth\u00fcllt!\" width=\"500\" height=\"281\" src=\"https:\/\/www.youtube.com\/embed\/CLfcexmvNSY?feature=oembed\" frameborder=\"0\" allow=\"accelerometer; autoplay; clipboard-write; encrypted-media; gyroscope; picture-in-picture; web-share\" referrerpolicy=\"strict-origin-when-cross-origin\" allowfullscreen><\/iframe> <\/div><figcaption class=\"wp-element-caption\">Arbeitsvideo der Papierpulpe-Formung Eierkarton Produktionslinie<\/figcaption><\/figure>    <h2 class=\"wp-block-heading\">Wie entsteht die Eierablage?<\/h2>    <p class=\"translation-block\"><strong>Egg tray molding: <\/strong>das polierte Frischpulver wird zur Egg-Tray-Maschine transportiert, wo die Formen auf der Egg-Tray-Machine die Pulpe formen. Danach wird die geformte Eierschale hergestellt. Die Eierfolie ist dann bereit f\u00fcr den n\u00e4chsten Trocknungsprozess.<\/p>    <p class=\"translation-block\"><strong>Colorful egg tray:<\/strong> eine farbige Eierschale herzustellen ist relativ einfach. Sie k\u00f6nnen die passenden Pigmente in den Pulppool geben und sie gut mischen.<\/p>    <figure class=\"wp-block-gallery has-nested-images columns-default is-cropped wp-block-gallery-3 is-layout-flex wp-block-gallery-is-layout-flex\"> <figure class=\"wp-block-image size-large\"><img loading=\"lazy\" decoding=\"async\" width=\"720\" height=\"540\" data-id=\"236\" src=\"https:\/\/eggtraym.com\/wp-content\/uploads\/2022\/09\/colorful-egg-tray-.webp\" alt=\"bunte Eierablage\" class=\"wp-image-236\" title=\"bunte Eierablage\" srcset=\"https:\/\/eggtraym.com\/wp-content\/uploads\/2022\/09\/colorful-egg-tray-.webp 720w, https:\/\/eggtraym.com\/wp-content\/uploads\/2022\/09\/colorful-egg-tray--300x225.webp 300w\" sizes=\"auto, (max-width: 720px) 100vw, 720px\" \/><figcaption class=\"wp-element-caption\">Buntes Eiertablett <\/figcaption><\/figure>    <figure class=\"wp-block-image size-large\"><img loading=\"lazy\" decoding=\"async\" width=\"720\" height=\"540\" data-id=\"237\" src=\"https:\/\/eggtraym.com\/wp-content\/uploads\/2022\/09\/egg-tray-making-machine-1-4.webp\" alt=\"Die Produktion der Eierschalen-Herstellungsmaschine ist abgeschlossen\" class=\"wp-image-237\" title=\"Maschine zur Herstellung von Eierschalen\" srcset=\"https:\/\/eggtraym.com\/wp-content\/uploads\/2022\/09\/egg-tray-making-machine-1-4.webp 720w, https:\/\/eggtraym.com\/wp-content\/uploads\/2022\/09\/egg-tray-making-machine-1-4-300x225.webp 300w\" sizes=\"auto, (max-width: 720px) 100vw, 720px\" \/><figcaption class=\"wp-element-caption\">Eierablage-Herstellungsmaschine, fertige Produktion<\/figcaption><\/figure> <\/figure>    <h2 class=\"wp-block-heading\">Wie produziert die Eierkartonmaschine viele Formen von Eierkartons?<\/h2>    <p class=\"translation-block\"><strong>Egg tray: <\/strong>der <a href=\"https:\/\/eggtraym.com\/de\/products\/egg-tray-making-machine\/\">Papierpulpeier Tray-Herstellungsmaschine<\/a> produziert Eierschalen haupts\u00e4chlich durch Formgebung. Daher, wenn Sie verschiedene Formen von Eierschalen erhalten m\u00f6chten, m\u00fcssen Sie nur die Formen wechseln. <\/p>    <p class=\"translation-block\"><strong>Other trays:<\/strong> zus\u00e4tzlich zu Eierschalen haben wir andere Formen von Formen, um die Produktion von Trays in verschiedenen Formen zu unterst\u00fctzen. Zum Beispiel Weintrays, Apfeltrays, Birnentrays, Orangen-Trays und andere Arten von Verpackungstrays.<\/p>    <figure class=\"wp-block-gallery has-nested-images columns-default is-cropped wp-block-gallery-4 is-layout-flex wp-block-gallery-is-layout-flex\"> <figure class=\"wp-block-image size-large\"><img loading=\"lazy\" decoding=\"async\" width=\"720\" height=\"540\" data-id=\"238\" src=\"https:\/\/eggtraym.com\/wp-content\/uploads\/2022\/09\/egg-carton-production-line-2.webp\" alt=\"Eierkartonmaschine, die Form formt\" class=\"wp-image-238\" title=\"Produktionslinie f\u00fcr Eierkartons\" srcset=\"https:\/\/eggtraym.com\/wp-content\/uploads\/2022\/09\/egg-carton-production-line-2.webp 720w, https:\/\/eggtraym.com\/wp-content\/uploads\/2022\/09\/egg-carton-production-line-2-300x225.webp 300w\" sizes=\"auto, (max-width: 720px) 100vw, 720px\" \/><figcaption class=\"wp-element-caption\">Eierkarton-Maschinenformform<\/figcaption><\/figure>    <figure class=\"wp-block-image size-large\"><img loading=\"lazy\" decoding=\"async\" width=\"720\" height=\"540\" data-id=\"239\" src=\"https:\/\/eggtraym.com\/wp-content\/uploads\/2022\/09\/mold-of-the-egg-tray-.webp\" alt=\"Form der Eierablage \" class=\"wp-image-239\" title=\"Form der Eierablage \" srcset=\"https:\/\/eggtraym.com\/wp-content\/uploads\/2022\/09\/mold-of-the-egg-tray-.webp 720w, https:\/\/eggtraym.com\/wp-content\/uploads\/2022\/09\/mold-of-the-egg-tray--300x225.webp 300w\" sizes=\"auto, (max-width: 720px) 100vw, 720px\" \/><figcaption class=\"wp-element-caption\">Form der Eierablage <\/figcaption><\/figure> <\/figure>    <h2 class=\"wp-block-heading\">Arten von Ger\u00e4ten zum Trocknen der Eierschalen<\/h2>    <p>Im Allgemeinen gibt es drei Arten von Ger\u00e4ten zum Trocknen von Eierkartons, die in der Produktion von Eierkartons verwendet werden.<\/p>    <ul class=\"wp-block-list\"> <li><strong>Nat\u00fcrliche Trocknung:<\/strong> geeignet f\u00fcr kleine halbautomatische Eierkarton-Produktionslinien, die nat\u00fcrliche Luft und Sonnenlicht zum Trocknen nutzen, mit niedrigen Investitionskosten, aber mehr Arbeitskraft und Platz erfordern, in der Regel zusammen mit Trockengestellen verwendet.<\/li>    <li><strong>Ziegeltrocknungslinie:<\/strong> Geeignet f\u00fcr Produktionslinien von Eierkartons mit mittlerem Durchsatz, wird ein Tunnel-Trocknungskanal aus einer Ziegelstruktur gebildet. Die Zirkulation von hei\u00dfer Luft sorgt daf\u00fcr, dass die Eierablage in kurzer Zeit vollst\u00e4ndig trocknet, die Effizienz ist h\u00f6her als bei der nat\u00fcrlichen Trocknung und das Kosten-Nutzen-Verh\u00e4ltnis ist hoch.<\/li>    <li><a href=\"https:\/\/eggtraym.com\/de\/product\/egg-tray-dryer\/\">Metallautomatische kontinuierliche Trocknungsanlage<\/a>: Entworfen f\u00fcr eine gro\u00dfe Produktionslinie, die eine mehrschichtige Metallstruktur verwendet, kann sie eine gro\u00dfe Anzahl von Eierpaletten gleichzeitig trocknen. Die Verteilung der hei\u00dfen Luft ist gleichm\u00e4\u00dfig, die Trocknungsgeschwindigkeit ist schnell, die Wirkung ist stabil, der Automatisierungsgrad ist hoch und es spart Arbeitskraft.<\/li> <\/ul>    <h2 class=\"wp-block-heading\">Wie w\u00e4hlt man die richtige Produktionslinie f\u00fcr Papier-Eierkartons aus?<\/h2>    <p>Beim Kauf einer Produktionslinie f\u00fcr Eierkartons sollten Sie Ihre eigenen tats\u00e4chlichen Bed\u00fcrfnisse ber\u00fccksichtigen und die folgenden Aspekte umfassend betrachten:<\/p>    <ol class=\"wp-block-list\"> <li>Bestimmen Sie den Produktionsbedarf: Wie viele Eierkartons m\u00f6chten Sie pro Tag oder pro Stunde produzieren? (Wichtig)<\/li>    <li>Ob Sie Trocknungsger\u00e4te ben\u00f6tigen: Soll eine metallene Trocknungsanlage zur Verbesserung der Trocknungseffizienz eingesetzt werden?<\/li>    <li>Definieren Sie die Anforderungen an das Endprodukt: Gibt es spezielle Anforderungen an Form, Gr\u00f6\u00dfe, Farbe usw. des Endprodukts?<\/li>    <li>Budgetrahmen: Wie hoch ist das Budget f\u00fcr die Ausr\u00fcstung, in die Sie investieren m\u00f6chten? (Wichtig)<\/li>    <li>Fokus: Gibt es spezielle Anforderungen wie Energieeinsparung, Fl\u00e4chenbedarf, Automatisierung oder Wartung?<\/li> <\/ol>    <figure class=\"wp-block-gallery has-nested-images columns-default is-cropped wp-block-gallery-5 is-layout-flex wp-block-gallery-is-layout-flex\"> <figure class=\"wp-block-image size-large\"><img loading=\"lazy\" decoding=\"async\" width=\"720\" height=\"540\" data-id=\"242\" src=\"https:\/\/eggtraym.com\/wp-content\/uploads\/2022\/09\/paper-egg-tray-production-line-1-1.webp\" alt=\"Maschinen f\u00fcr die Produktion von Papier-Eierablagen\" class=\"wp-image-242\" title=\"Produktionslinie f\u00fcr Eierablagen aus Papier\" srcset=\"https:\/\/eggtraym.com\/wp-content\/uploads\/2022\/09\/paper-egg-tray-production-line-1-1.webp 720w, https:\/\/eggtraym.com\/wp-content\/uploads\/2022\/09\/paper-egg-tray-production-line-1-1-300x225.webp 300w\" sizes=\"auto, (max-width: 720px) 100vw, 720px\" \/><figcaption class=\"wp-element-caption\">Maschinen f\u00fcr die Produktion von Papier-Eierablagen<\/figcaption><\/figure>    <figure class=\"wp-block-image size-large\"><img loading=\"lazy\" decoding=\"async\" width=\"720\" height=\"540\" data-id=\"243\" src=\"https:\/\/eggtraym.com\/wp-content\/uploads\/2022\/09\/egg-carton-production-line-3-.webp\" alt=\"Eierkarton-Maschinenform\" class=\"wp-image-243\" title=\"Produktionslinie f\u00fcr Eierkartons\" srcset=\"https:\/\/eggtraym.com\/wp-content\/uploads\/2022\/09\/egg-carton-production-line-3-.webp 720w, https:\/\/eggtraym.com\/wp-content\/uploads\/2022\/09\/egg-carton-production-line-3--300x225.webp 300w\" sizes=\"auto, (max-width: 720px) 100vw, 720px\" \/><figcaption class=\"wp-element-caption\">Eierkarton-Maschinenform<\/figcaption><\/figure> <\/figure>    <h2 class=\"wp-block-heading\">Technische Parameter der Eierbecherproduktionslinie<\/h2>    <figure class=\"wp-block-table is-style-stripes\"><table><tbody><tr><td>Modell<\/td><td>Kapazit\u00e4t<\/td><td>Papierverbrauch<\/td><td>Wasserverbrauch<\/td><td>Energie verbraucht<\/td><td>Arbeitnehmer<\/td><\/tr><tr><td>SL-3*1<\/td><td>1000-1500 St\u00fcck\/h<\/td><td>120kg\/h<\/td><td>300kg\/h<\/td><td>32 kW\/h<\/td><td>3-4<\/td><\/tr><tr><td>SL-4*1<\/td><td>1500\u20132000 St\u00fcck\/h<\/td><td>160kg\/h<\/td><td>380kg\/h<\/td><td>45 kW\/h<\/td><td>3-4<\/td><\/tr><tr><td>SL-3*4<\/td><td>2000-2500 St\u00fcck\/h<\/td><td>200kg\/h<\/td><td>450kg\/h<\/td><td>58 kW\/h<\/td><td>4-5<\/td><\/tr><tr><td>SL-4*4<\/td><td>3000-3500 St\u00fcck\/h<\/td><td>280kg\/h<\/td><td>560kg\/h<\/td><td>78 kW\/h<\/td><td>4-5<\/td><\/tr><tr><td>SL-4*8<\/td><td>4000 St\u00fcck\/h<\/td><td>320kg\/h<\/td><td>600kg\/h<\/td><td>80 kW\/h<\/td><td>5-6<\/td><\/tr><tr><td>SL-5*8<\/td><td>5000 St\u00fcck\/h<\/td><td>400kg\/h<\/td><td>750kg\/h<\/td><td>85 kW\/h<\/td><td>3-4<\/td><\/tr><tr><td>SL-6*8<\/td><td>6000 St\u00fcck\/h<\/td><td>480kg\/h<\/td><td>900kg\/h<\/td><td>90 kW\/h<\/td><td>3-4<\/td><\/tr><tr><td>SL-8*8<\/td><td>8000 St\u00fcck\/h<\/td><td>640kg\/h<\/td><td>1040 kg\/h<\/td><td>100 kW\/h<\/td><td>3-4<\/td><\/tr><\/tbody><\/table><figcaption class=\"wp-element-caption\">Parameter der Eierkartonproduktionslinie<\/figcaption><\/figure>   <div class=\"wp-block-image\"> <figure class=\"aligncenter size-full\"><img loading=\"lazy\" decoding=\"async\" width=\"720\" height=\"540\" src=\"https:\/\/eggtraym.com\/wp-content\/uploads\/2022\/09\/egg-trays-1-1.webp\" alt=\"Eierablagen \" class=\"wp-image-241\" title=\"Eierablagen \" srcset=\"https:\/\/eggtraym.com\/wp-content\/uploads\/2022\/09\/egg-trays-1-1.webp 720w, https:\/\/eggtraym.com\/wp-content\/uploads\/2022\/09\/egg-trays-1-1-300x225.webp 300w\" sizes=\"auto, (max-width: 720px) 100vw, 720px\" \/><figcaption class=\"wp-element-caption\">Eierablagen <\/figcaption><\/figure> <\/div>   <p class=\"translation-block\">Unsere Fabrik verf\u00fcgt \u00fcber langj\u00e4hrige Erfahrung in der Herstellung und dem Export von Eierschalenmaschinen und hat sie nach Peru, <a href=\"https:\/\/en.wikipedia.org\/wiki\/Bolivia\" target=\"_blank\" rel=\"noopener\">Bolivien<\/a>, Saudi-Arabien, die Vereinigten Arabischen Emirate, Kenia, Indonesien, Kamerun, Zimbabwe, Uganda und viele andere L\u00e4nder geliefert. <\/p>    <p>Wir k\u00f6nnen die Papiertray-Formmaschine an die Gr\u00f6\u00dfe Ihres Unternehmens und die Anforderungen an das Endprodukt anpassen. Z\u00f6gern Sie nicht, uns f\u00fcr weitere Informationen zu kontaktieren, und wir werden die richtige Empfehlung f\u00fcr Sie aussprechen.<\/p>","protected":false},"excerpt":{"rendered":"<p>Die Eierkarton-Produktionslinie eignet sich f\u00fcr die Massenproduktion aller Arten von Pulpeformprodukten, wie z.B. Eiertrays, Obsttrays, Kaffeetrays usw. Sie bietet die Vorteile einer flexiblen Investition und einer breiten Anwendung.<\/p>","protected":false},"author":1,"featured_media":233,"parent":0,"template":"","tags":[43,41,42],"product-type":[8],"class_list":["post-232","product","type-product","status-publish","has-post-thumbnail","hentry","tag-egg-carton","tag-egg-tray","tag-paper-tray","product-type-production-line"],"_links":{"self":[{"href":"https:\/\/eggtraym.com\/de\/wp-json\/wp\/v2\/product\/232","targetHints":{"allow":["GET"]}}],"collection":[{"href":"https:\/\/eggtraym.com\/de\/wp-json\/wp\/v2\/product"}],"about":[{"href":"https:\/\/eggtraym.com\/de\/wp-json\/wp\/v2\/types\/product"}],"author":[{"embeddable":true,"href":"https:\/\/eggtraym.com\/de\/wp-json\/wp\/v2\/users\/1"}],"wp:featuredmedia":[{"embeddable":true,"href":"https:\/\/eggtraym.com\/de\/wp-json\/wp\/v2\/media\/233"}],"wp:attachment":[{"href":"https:\/\/eggtraym.com\/de\/wp-json\/wp\/v2\/media?parent=232"}],"wp:term":[{"taxonomy":"post_tag","embeddable":true,"href":"https:\/\/eggtraym.com\/de\/wp-json\/wp\/v2\/tags?post=232"},{"taxonomy":"product-type","embeddable":true,"href":"https:\/\/eggtraym.com\/de\/wp-json\/wp\/v2\/product-type?post=232"}],"curies":[{"name":"wp","href":"https:\/\/api.w.org\/{rel}","templated":true}]}}