{"id":202,"date":"2022-09-16T08:36:09","date_gmt":"2022-09-16T08:36:09","guid":{"rendered":"https:\/\/eggtraym.com\/?post_type=product&#038;p=202"},"modified":"2025-05-27T18:01:08","modified_gmt":"2025-05-27T10:01:08","slug":"egg-tray-manufacturing-plant","status":"publish","type":"product","link":"https:\/\/eggtraym.com\/de\/product\/egg-tray-manufacturing-plant\/","title":{"rendered":"Eierschalen-Produktionsanlage, Papierzellstoff-Formmaschinen"},"content":{"rendered":"<div class=\"kk-star-ratings kksr-auto kksr-align-left kksr-valign-top\"     data-payload='{&quot;align&quot;:&quot;left&quot;,&quot;id&quot;:&quot;202&quot;,&quot;slug&quot;:&quot;default&quot;,&quot;valign&quot;:&quot;top&quot;,&quot;ignore&quot;:&quot;&quot;,&quot;reference&quot;:&quot;auto&quot;,&quot;class&quot;:&quot;&quot;,&quot;count&quot;:&quot;91&quot;,&quot;legendonly&quot;:&quot;&quot;,&quot;readonly&quot;:&quot;&quot;,&quot;score&quot;:&quot;4.9&quot;,&quot;starsonly&quot;:&quot;&quot;,&quot;best&quot;:&quot;5&quot;,&quot;gap&quot;:&quot;5&quot;,&quot;greet&quot;:&quot;Rate this product&quot;,&quot;legend&quot;:&quot;4.9\\\/5 - (91 votes)&quot;,&quot;size&quot;:&quot;24&quot;,&quot;title&quot;:&quot;Egg Tray Manufacturing Plant Paper Pulp Molding Machines&quot;,&quot;width&quot;:&quot;139.6&quot;,&quot;_legend&quot;:&quot;{score}\\\/{best} - ({count} {votes})&quot;,&quot;font_factor&quot;:&quot;1.25&quot;}'>              <div class=\"kksr-stars\">      <div class=\"kksr-stars-inactive\">             <div class=\"kksr-star\" data-star=\"1\" style=\"padding-right: 5px\">               <div class=\"kksr-icon\" style=\"width: 24px; height: 24px;\"><\/div>         <\/div>             <div class=\"kksr-star\" data-star=\"2\" style=\"padding-right: 5px\">               <div class=\"kksr-icon\" style=\"width: 24px; height: 24px;\"><\/div>         <\/div>             <div class=\"kksr-star\" data-star=\"3\" style=\"padding-right: 5px\">               <div class=\"kksr-icon\" style=\"width: 24px; height: 24px;\"><\/div>         <\/div>             <div class=\"kksr-star\" data-star=\"4\" style=\"padding-right: 5px\">               <div class=\"kksr-icon\" style=\"width: 24px; height: 24px;\"><\/div>         <\/div>             <div class=\"kksr-star\" data-star=\"5\" style=\"padding-right: 5px\">               <div class=\"kksr-icon\" style=\"width: 24px; height: 24px;\"><\/div>         <\/div>     <\/div>      <div class=\"kksr-stars-active\" style=\"width: 139.6px;\">             <div class=\"kksr-star\" style=\"padding-right: 5px\">               <div class=\"kksr-icon\" style=\"width: 24px; height: 24px;\"><\/div>         <\/div>             <div class=\"kksr-star\" style=\"padding-right: 5px\">               <div class=\"kksr-icon\" style=\"width: 24px; height: 24px;\"><\/div>         <\/div>             <div class=\"kksr-star\" style=\"padding-right: 5px\">               <div class=\"kksr-icon\" style=\"width: 24px; height: 24px;\"><\/div>         <\/div>             <div class=\"kksr-star\" style=\"padding-right: 5px\">               <div class=\"kksr-icon\" style=\"width: 24px; height: 24px;\"><\/div>         <\/div>             <div class=\"kksr-star\" style=\"padding-right: 5px\">               <div class=\"kksr-icon\" style=\"width: 24px; height: 24px;\"><\/div>         <\/div>     <\/div> <\/div>                   <div class=\"kksr-legend\" style=\"font-size: 19.2px;\">             4,9\/5 - (91 Bewertungen)    <\/div>     <\/div>  <p>Die Herstellung von Eierkartons mit einer industriellen Produktionskapazit\u00e4t von 1000-8000 St\u00fcck\/Stunde + einer Rohstoffr\u00fcckgewinnungsrate von 98%, die den Bedarf an sto\u00dfd\u00e4mpfendem Schutz in den Bereichen Lebensmittel, Medizin und Elektronik decken kann.<\/p>    <p>Durch den Wechsel der Formen k\u00f6nnen Sie gebrauchte Kartons und Zeitungen in eine Vielzahl von Tabletts umwandeln, wie z.B. Eierkartons, farbige Eierbeh\u00e4lter, Apfelbeh\u00e4lter und Kaffeetabletts, um den unterschiedlichen Bed\u00fcrfnissen des globalen Marktes gerecht zu werden.<\/p>    <p>Im Zentrum der Produktionslinie steht die Eierkartonformmaschine, die von Aufbereitungs-, Trocknungs-, Hei\u00dfpress- und Verpackungssystemen unterst\u00fctzt wird, um eine reibungslose und effiziente Produktion zu gew\u00e4hrleisten.<\/p>    <p>Unsere Ausr\u00fcstung hat Kunden in L\u00e4ndern wie Nigeria, Bolivien, Kamerun, Kolumbien, Marokko und Sri Lanka bedient. Wenn Sie in Erw\u00e4gung ziehen, ein Unternehmen zur Herstellung von Eierverpackungen zu gr\u00fcnden, z\u00f6gern Sie nicht, uns f\u00fcr ma\u00dfgeschneiderte L\u00f6sungen zu kontaktieren!<\/p>    <figure class=\"wp-block-embed aligncenter is-type-video is-provider-youtube wp-block-embed-youtube wp-embed-aspect-16-9 wp-has-aspect-ratio\"><div class=\"wp-block-embed__wrapper\"> <iframe loading=\"lazy\" title=\"3D-Showcase: Die revolution\u00e4re Produktionslinie f\u00fcr Eierablagen aus Recyclingpapier#eggtray\" width=\"500\" height=\"281\" src=\"https:\/\/www.youtube.com\/embed\/5AjACn2jzhU?feature=oembed\" frameborder=\"0\" allow=\"accelerometer; autoplay; clipboard-write; encrypted-media; gyroscope; picture-in-picture; web-share\" referrerpolicy=\"strict-origin-when-cross-origin\" allowfullscreen><\/iframe> <\/div><figcaption class=\"wp-element-caption\">3D-Videoanzeige der Produktionslinie der Eierschalen-Herstellungsmaschine<\/figcaption><\/figure>    <h2 class=\"wp-block-heading\">Rohstoffe f\u00fcr die Produktionslinie f\u00fcr Eierschalen<\/h2>    <p>Die Hauptrohstoffe f\u00fcr ein Werk zur Herstellung von Eierkartons sind Altpapier (wie Karton, Zeitungen, B\u00fccher und Zeitschriften) und Wasser. Altpapier sollte sauber, frei von Verunreinigungen und gleichm\u00e4\u00dfig in der Dicke sein. <\/p>    <p>Im Papierherstellungsprozess werden Chemikalien wie Natriumhydroxid, Natriumsilikat und Aluminiumsulfat hinzugef\u00fcgt, um die Papierfasern abzubauen und die Herstellung von Eiertrays zu erleichtern. Der Chemikalienverbrauch h\u00e4ngt von der Art des Papiers und der erforderlichen Produktqualit\u00e4t ab.<\/p>    <figure class=\"wp-block-gallery has-nested-images columns-default is-cropped wp-block-gallery-2 is-layout-flex wp-block-gallery-is-layout-flex\"> <figure class=\"wp-block-image size-large\"><img loading=\"lazy\" decoding=\"async\" width=\"720\" height=\"540\" data-id=\"246\" src=\"https:\/\/eggtraym.com\/wp-content\/uploads\/2022\/09\/raw-material-.webp\" alt=\"rohes Eierschalenmaterial\" class=\"wp-image-246\" title=\"rohes Eierschalenmaterial\" srcset=\"https:\/\/eggtraym.com\/wp-content\/uploads\/2022\/09\/raw-material-.webp 720w, https:\/\/eggtraym.com\/wp-content\/uploads\/2022\/09\/raw-material--300x225.webp 300w\" sizes=\"auto, (max-width: 720px) 100vw, 720px\" \/><figcaption class=\"wp-element-caption\">Rohes Eierablagematerial<\/figcaption><\/figure>    <figure class=\"wp-block-image size-large\"><img loading=\"lazy\" decoding=\"async\" width=\"720\" height=\"540\" data-id=\"248\" src=\"https:\/\/eggtraym.com\/wp-content\/uploads\/2022\/09\/various-raw-materials-.webp\" alt=\"verschiedene Rohstoffe\" class=\"wp-image-248\" title=\"verschiedene Rohstoffe\" srcset=\"https:\/\/eggtraym.com\/wp-content\/uploads\/2022\/09\/various-raw-materials-.webp 720w, https:\/\/eggtraym.com\/wp-content\/uploads\/2022\/09\/various-raw-materials--300x225.webp 300w\" sizes=\"auto, (max-width: 720px) 100vw, 720px\" \/><figcaption class=\"wp-element-caption\">Verschiedene Rohstoffe<\/figcaption><\/figure>    <figure class=\"wp-block-image size-large\"><img loading=\"lazy\" decoding=\"async\" width=\"720\" height=\"540\" data-id=\"247\" src=\"https:\/\/eggtraym.com\/wp-content\/uploads\/2022\/09\/waste-paper-1-1.webp\" alt=\"Rohstoffe verschwenden\" class=\"wp-image-247\" title=\"Rohstoffe verschwenden\" srcset=\"https:\/\/eggtraym.com\/wp-content\/uploads\/2022\/09\/waste-paper-1-1.webp 720w, https:\/\/eggtraym.com\/wp-content\/uploads\/2022\/09\/waste-paper-1-1-300x225.webp 300w\" sizes=\"auto, (max-width: 720px) 100vw, 720px\" \/><figcaption class=\"wp-element-caption\">Abfallrohstoff<\/figcaption><\/figure> <\/figure>    <h2 class=\"wp-block-heading\">Arbeitsablauf der Eierschalen-Produktionsanlage<\/h2>    <p>Der Hauptarbeitsablauf eines Herstellungswerks f\u00fcr Eierkartons umfasst vier wichtige Schritte: Pulpeherstellung \u2192 Pulpeformung \u2192 Trocknung \u2192 Verpackung. <\/p>    <p>Typischerweise verwendete Ger\u00e4te umfassen Papierpulper, Maschinen zur Formung von Papierbeh\u00e4ltern, Trockner, W\u00e4rmepressen und Verpackungsmaschinen. <\/p>    <p>Je nach Produktionslinie kann der Trocknungsprozess kontinuierliche Trocknungsmaschinen, Ziegel\u00f6fen oder nat\u00fcrliche Lufttrocknung verwenden. In halbautomatischen Anlagen erfolgen Trocknung, Hei\u00dfpressen und Verpackung manuell.<\/p>   <div class=\"wp-block-image\"> <figure class=\"aligncenter size-full\"><img loading=\"lazy\" decoding=\"async\" width=\"720\" height=\"540\" src=\"https:\/\/eggtraym.com\/wp-content\/uploads\/2022\/09\/Workflow-of-egg-tray-manufacturing-plant-.webp\" alt=\"Arbeitsablauf der Eierschalen-Produktionsanlage\" class=\"wp-image-249\" title=\"Arbeitsablauf der Eierschalen-Produktionsanlage\" srcset=\"https:\/\/eggtraym.com\/wp-content\/uploads\/2022\/09\/Workflow-of-egg-tray-manufacturing-plant-.webp 720w, https:\/\/eggtraym.com\/wp-content\/uploads\/2022\/09\/Workflow-of-egg-tray-manufacturing-plant--300x225.webp 300w\" sizes=\"auto, (max-width: 720px) 100vw, 720px\" \/><figcaption class=\"wp-element-caption\">Arbeitsablauf der Eierschalen-Produktionsanlage<\/figcaption><\/figure> <\/div>   <h2 class=\"wp-block-heading\">Hauptausstattung der Papiertrennlinienproduktion<\/h2>    <p>Die in der Eierkarton-Fabrik verwendeten Maschinen sind in der Lage, hohe Produktionsmengen von Eierkartons zu bew\u00e4ltigen und dabei die Produktqualit\u00e4t und -konsistenz aufrechtzuerhalten. Was sind also die wichtigsten Maschinen in der Eierkarton-Produktionslinie?<\/p>   <div class=\"wp-block-image\"> <figure class=\"aligncenter size-full\"><img loading=\"lazy\" decoding=\"async\" width=\"720\" height=\"540\" src=\"https:\/\/eggtraym.com\/wp-content\/uploads\/2022\/09\/egg-carton-production-line.webp\" alt=\"Produktionslinie f\u00fcr Eierkartons\" class=\"wp-image-618\" title=\"\" srcset=\"https:\/\/eggtraym.com\/wp-content\/uploads\/2022\/09\/egg-carton-production-line.webp 720w, https:\/\/eggtraym.com\/wp-content\/uploads\/2022\/09\/egg-carton-production-line-300x225.webp 300w, https:\/\/eggtraym.com\/wp-content\/uploads\/2022\/09\/egg-carton-production-line-16x12.webp 16w\" sizes=\"auto, (max-width: 720px) 100vw, 720px\" \/><figcaption class=\"wp-element-caption\">Produktionslinie f\u00fcr Eierkartons<\/figcaption><\/figure> <\/div>   <h3 class=\"wp-block-heading\">Aufschlussmaschine<\/h3>    <p>Normalerweise ist nur ein Arbeiter erforderlich, um Altpapier und Wasser im Verh\u00e4ltnis 1:3 zu einem feinen Brei zu vermischen. Wenn ein Farbwechsel gew\u00fcnscht ist, k\u00f6nnen in dieser Phase Farbstoffe eingebracht werden.<\/p>   <div class=\"wp-block-image\"> <figure class=\"aligncenter size-full\"><img loading=\"lazy\" decoding=\"async\" width=\"720\" height=\"540\" src=\"https:\/\/eggtraym.com\/wp-content\/uploads\/2022\/09\/egg-tray-pulping-machine-1-1.webp\" alt=\"Eierschalen-Aufschlussmaschine \" class=\"wp-image-257\" title=\"Eierschalen-Aufschlussmaschine \" srcset=\"https:\/\/eggtraym.com\/wp-content\/uploads\/2022\/09\/egg-tray-pulping-machine-1-1.webp 720w, https:\/\/eggtraym.com\/wp-content\/uploads\/2022\/09\/egg-tray-pulping-machine-1-1-300x225.webp 300w\" sizes=\"auto, (max-width: 720px) 100vw, 720px\" \/><figcaption class=\"wp-element-caption\">Eierschalen-Aufschlussmaschine <\/figcaption><\/figure> <\/div>   <h3 class=\"wp-block-heading\">Maschine zum Formen von Eierschalen<\/h3>    <p class=\"translation-block\">Unsere Eierkartonmaschine ist in verschiedenen Modellen erh\u00e4ltlich, mit einer Produktionskapazit\u00e4t von 1500 bis 8000 St\u00fcck pro Stunde, sodass Sie das Modell ausw\u00e4hlen k\u00f6nnen, das Ihren Anforderungen entspricht. (<em>Mehr lesen:\u00a0<\/em><strong><em><a href=\"https:\/\/eggtraym.com\/de\/product\/automatic-egg-tray-machine\/\">Vollautomatische Hochleistungs-Eierkartonmaschine<\/a><\/em><\/strong>&gt;&gt;) Dar\u00fcber hinaus bieten wir ma\u00dfgeschneiderte Formen an, die einen einfachen Austausch erm\u00f6glichen, wann immer dies erforderlich ist.<\/p>   <div class=\"wp-block-image\"> <figure class=\"aligncenter size-full\"><img loading=\"lazy\" decoding=\"async\" width=\"720\" height=\"540\" src=\"https:\/\/eggtraym.com\/wp-content\/uploads\/2022\/09\/egg-tray-forming-machine-.webp\" alt=\"Eierschalenformmaschine \" class=\"wp-image-258\" title=\"Eierschalenformmaschine \" srcset=\"https:\/\/eggtraym.com\/wp-content\/uploads\/2022\/09\/egg-tray-forming-machine-.webp 720w, https:\/\/eggtraym.com\/wp-content\/uploads\/2022\/09\/egg-tray-forming-machine--300x225.webp 300w\" sizes=\"auto, (max-width: 720px) 100vw, 720px\" \/><figcaption class=\"wp-element-caption\">Eierschalenformmaschine<\/figcaption><\/figure> <\/div>   <h3 class=\"wp-block-heading\">Trocknungsmaschine<\/h3>    <p class=\"translation-block\">Nach dem Entformen enth\u00e4lt der Eierkarton etwa 30% Wasser, daher muss er getrocknet und geh\u00e4rtet werden. Wir bieten verschiedene Arten von Trockenmaschinen an, einschlie\u00dflich Ziegeltrocknung und kontinuierlicher Trocknung. Jede Trocknungsmethode hat ihre eigenen Preise und Produktions effizient.<\/p>   <div class=\"wp-block-image\"> <figure class=\"aligncenter size-full\"><img loading=\"lazy\" decoding=\"async\" width=\"720\" height=\"540\" src=\"https:\/\/eggtraym.com\/wp-content\/uploads\/2022\/09\/egg-tray-dryer-.webp\" alt=\"Eierschalentrockner\" class=\"wp-image-259\" title=\"Eierschalentrockner\" srcset=\"https:\/\/eggtraym.com\/wp-content\/uploads\/2022\/09\/egg-tray-dryer-.webp 720w, https:\/\/eggtraym.com\/wp-content\/uploads\/2022\/09\/egg-tray-dryer--300x225.webp 300w\" sizes=\"auto, (max-width: 720px) 100vw, 720px\" \/><figcaption class=\"wp-element-caption\">Eierschalentrockner<\/figcaption><\/figure> <\/div>   <h3 class=\"wp-block-heading\">Hei\u00dfpressmaschine<\/h3>    <p>Die Hei\u00dfpresse ist effektiv bei der weiteren Formung der getrockneten Eierschale. Nach der Hei\u00dfpressbehandlung wird die Eierschale fester und definierter.<\/p>   <div class=\"wp-block-image\"> <figure class=\"aligncenter size-full\"><img loading=\"lazy\" decoding=\"async\" width=\"720\" height=\"540\" src=\"https:\/\/eggtraym.com\/wp-content\/uploads\/2022\/09\/egg-tray-hot-press-machine-2-1.webp\" alt=\"Eierablage-Hei\u00dfpressmaschine\" class=\"wp-image-260\" title=\"Eierablage-Hei\u00dfpressmaschine\" srcset=\"https:\/\/eggtraym.com\/wp-content\/uploads\/2022\/09\/egg-tray-hot-press-machine-2-1.webp 720w, https:\/\/eggtraym.com\/wp-content\/uploads\/2022\/09\/egg-tray-hot-press-machine-2-1-300x225.webp 300w\" sizes=\"auto, (max-width: 720px) 100vw, 720px\" \/><figcaption class=\"wp-element-caption\">Eierablage-Hei\u00dfpressmaschine<\/figcaption><\/figure> <\/div>   <h3 class=\"wp-block-heading\">Verpackungsmaschine<\/h3>    <p>Eierschalen werden einer Inspektion unterzogen, um etwaige M\u00e4ngel wie Risse, Verformungen und unebene Oberfl\u00e4chen festzustellen. Alle defekten Tabletts werden entsorgt, w\u00e4hrend die verbleibenden gez\u00e4hlt, gestapelt und f\u00fcr den Verkauf oder die Verwendung vorbereitet werden.<\/p>   <div class=\"wp-block-image\"> <figure class=\"aligncenter size-full is-resized\"><img loading=\"lazy\" decoding=\"async\" width=\"720\" height=\"540\" src=\"https:\/\/eggtraym.com\/wp-content\/uploads\/2022\/09\/egg-tray-packing-machine-1-2.webp\" alt=\"Eierschalen-Verpackungsmaschine \" class=\"wp-image-261\" style=\"width:720px;height:auto\" title=\"Eierschalen-Verpackungsmaschine \" srcset=\"https:\/\/eggtraym.com\/wp-content\/uploads\/2022\/09\/egg-tray-packing-machine-1-2.webp 720w, https:\/\/eggtraym.com\/wp-content\/uploads\/2022\/09\/egg-tray-packing-machine-1-2-300x225.webp 300w\" sizes=\"auto, (max-width: 720px) 100vw, 720px\" \/><figcaption class=\"wp-element-caption\">Eierschalen-Verpackungsmaschine<\/figcaption><\/figure> <\/div>   <figure class=\"wp-block-embed aligncenter is-type-video is-provider-youtube wp-block-embed-youtube wp-embed-aspect-16-9 wp-has-aspect-ratio\"><div class=\"wp-block-embed__wrapper\"> <iframe loading=\"lazy\" title=\"Wie funktioniert die Produktionslinie f\u00fcr Eierkartons? Produktionslinie f\u00fcr Eierkartons aus Papier\" width=\"500\" height=\"281\" src=\"https:\/\/www.youtube.com\/embed\/OzUcmn0DUoI?feature=oembed\" frameborder=\"0\" allow=\"accelerometer; autoplay; clipboard-write; encrypted-media; gyroscope; picture-in-picture; web-share\" referrerpolicy=\"strict-origin-when-cross-origin\" allowfullscreen><\/iframe> <\/div><figcaption class=\"wp-element-caption\">Video zur Arbeitsweise von automatischen Maschinen zur Formung von Papierbeh\u00e4ltern in einem Werk zur Herstellung von Eierkartons.<\/figcaption><\/figure>    <h2 class=\"wp-block-heading\">Vollst\u00e4ndige Parameter der Papierkarton-Produktionslinie<\/h2>    <figure class=\"wp-block-table is-style-stripes\"><table><tbody><tr><td>Modell<\/td><td>Kapazit\u00e4t<\/td><td>Papierverbrauch<\/td><td>Wasserverbrauch<\/td><td>Energie verbraucht<\/td><td>Arbeitnehmer<\/td><\/tr><tr><td>SL-3*1<\/td><td>1000-1500 St\u00fcck\/h<\/td><td>120kg\/h<\/td><td>300kg\/h<\/td><td>32 kW\/h<\/td><td>3-4<\/td><\/tr><tr><td>SL-4*1<\/td><td>1500\u20132000 St\u00fcck\/h<\/td><td>160kg\/h<\/td><td>380kg\/h<\/td><td>45 kW\/h<\/td><td>3-4<\/td><\/tr><tr><td>SL-3*4<\/td><td>2000-2500 St\u00fcck\/h<\/td><td>200kg\/h<\/td><td>450kg\/h<\/td><td>58 kW\/h<\/td><td>4-5<\/td><\/tr><tr><td>SL-4*4<\/td><td>3000-3500 St\u00fcck\/h<\/td><td>280kg\/h<\/td><td>560kg\/h<\/td><td>78 kW\/h<\/td><td>4-5<\/td><\/tr><tr><td>SL-4*8<\/td><td>4000 St\u00fcck\/h<\/td><td>320kg\/h<\/td><td>600kg\/h<\/td><td>80 kW\/h<\/td><td>5-6<\/td><\/tr><tr><td>SL-5*8<\/td><td>5000 St\u00fcck\/h<\/td><td>400kg\/h<\/td><td>750kg\/h<\/td><td>85 kW\/h<\/td><td>3-4<\/td><\/tr><tr><td>SL-5*12<\/td><td>6000 St\u00fcck\/h<\/td><td>480kg\/h<\/td><td>900kg\/h<\/td><td>90 kW\/h<\/td><td>3-4<\/td><\/tr><tr><td>SL-6*12<\/td><td>8000 St\u00fcck\/h<\/td><td>640kg\/h<\/td><td>1040 kg\/h<\/td><td>100 kW\/h<\/td><td>3-4<\/td><\/tr><\/tbody><\/table><figcaption class=\"wp-element-caption\">Parameter der kompletten Eierschalen-Produktionslinie<\/figcaption><\/figure>    <h2 class=\"wp-block-heading\">Vorteile der Linie zur Herstellung von Eierschalen aus Papierzellstoff<\/h2>    <ul class=\"wp-block-list\"> <li>Einfache Ger\u00e4teassemblierung, leicht in Betrieb zu nehmen, hohe Standortanpassungsf\u00e4higkeit.<\/li>    <li>Das Brennstoffsystem ist mit mehreren Energiequellen kompatibel, und es wird nur 380V Industrielektrizit\u00e4t f\u00fcr die Stromversorgung ben\u00f6tigt.<\/li>    <li>Die Ausbeute von Papierbeh\u00e4ltern ist stabil bei \u00fcber 99%, und die manuelle Eingriffsrate wurde um 95% reduziert.<\/li>    <li>Durch die Verwendung einer mehrschichtigen kontinuierlichen Trocknung wird die Zykluszeit auf 1-2 Stunden verk\u00fcrzt und der Energieverbrauch erheblich gesenkt.<\/li>    <li>Die vertikale Anordnung der mehrschichtigen Trocknungslinie reduziert den Platzbedarf im Vergleich zur nat\u00fcrlichen Trocknungsmethode.<\/li> <\/ul>    <figure class=\"wp-block-gallery has-nested-images columns-default is-cropped wp-block-gallery-3 is-layout-flex wp-block-gallery-is-layout-flex\"> <figure class=\"wp-block-image size-large\"><img loading=\"lazy\" decoding=\"async\" width=\"720\" height=\"540\" data-id=\"254\" src=\"https:\/\/eggtraym.com\/wp-content\/uploads\/2022\/09\/mold-of-the-pulp-egg-tray-making-machine-.webp\" alt=\"Form der Maschine zur Herstellung von Zellstoff-Eierschalen \" class=\"wp-image-254\" title=\"Form der Maschine zur Herstellung von Zellstoff-Eierschalen \" srcset=\"https:\/\/eggtraym.com\/wp-content\/uploads\/2022\/09\/mold-of-the-pulp-egg-tray-making-machine-.webp 720w, https:\/\/eggtraym.com\/wp-content\/uploads\/2022\/09\/mold-of-the-pulp-egg-tray-making-machine--300x225.webp 300w\" sizes=\"auto, (max-width: 720px) 100vw, 720px\" \/><figcaption class=\"wp-element-caption\">Form der Zellstoff-Eierablage-Herstellungsmaschine<\/figcaption><\/figure>    <figure class=\"wp-block-image size-large\"><img loading=\"lazy\" decoding=\"async\" width=\"720\" height=\"540\" data-id=\"255\" src=\"https:\/\/eggtraym.com\/wp-content\/uploads\/2022\/09\/paper-pulp-egg-tray-production-line-mold-.webp\" alt=\"Eierablage-Produktionslinienform aus Papierzellstoff\" class=\"wp-image-255\" title=\"Eierablage-Produktionslinienform aus Papierzellstoff\" srcset=\"https:\/\/eggtraym.com\/wp-content\/uploads\/2022\/09\/paper-pulp-egg-tray-production-line-mold-.webp 720w, https:\/\/eggtraym.com\/wp-content\/uploads\/2022\/09\/paper-pulp-egg-tray-production-line-mold--300x225.webp 300w\" sizes=\"auto, (max-width: 720px) 100vw, 720px\" \/><figcaption class=\"wp-element-caption\">Eierablage-Produktionslinienform aus Papierzellstoff<\/figcaption><\/figure> <\/figure>    <h2 class=\"wp-block-heading\">Warum sollten Sie sich f\u00fcr unsere Eierschalen-Verarbeitungsanlage f\u00fcr Zellstoff entscheiden?<\/h2>    <ul class=\"wp-block-list\"> <li>Aufmerksamer Service: schnelle Reaktion, ausreichende Informationen bereitstellen, um Ihnen einen sorgenfreien Kauf zu erm\u00f6glichen.<\/li>    <li>Ma\u00dfgeschneidert: Den optimalen Produktionslinienplan entsprechend Budget, Standort und Produktion anpassen.<\/li>    <li>Langlebige Ausr\u00fcstung: aus hochwertigen Rohmaterialien gefertigt, lange Lebensdauer.<\/li>    <li>Sorgenfreier After-Sales-Service: Genie\u00dfen Sie ein Jahr After-Sales-Support, um Ihre Probleme rechtzeitig zu l\u00f6sen.<\/li> <\/ul>   <div class=\"wp-block-image\"> <figure class=\"aligncenter size-full\"><img loading=\"lazy\" decoding=\"async\" width=\"720\" height=\"540\" src=\"https:\/\/eggtraym.com\/wp-content\/uploads\/2022\/09\/customer-visit-us-to-purchase-our-egg-tray-production-line-.webp\" alt=\"Kunden besuchen uns, um unsere Produktionslinie f\u00fcr Eierablagen zu erwerben  \" class=\"wp-image-253\" title=\"Kunden besuchen uns, um unsere Produktionslinie f\u00fcr Eierablagen zu erwerben  \" srcset=\"https:\/\/eggtraym.com\/wp-content\/uploads\/2022\/09\/customer-visit-us-to-purchase-our-egg-tray-production-line-.webp 720w, https:\/\/eggtraym.com\/wp-content\/uploads\/2022\/09\/customer-visit-us-to-purchase-our-egg-tray-production-line--300x225.webp 300w\" sizes=\"auto, (max-width: 720px) 100vw, 720px\" \/><figcaption class=\"wp-element-caption\">Ein Kunde besucht uns, um unsere Eierschalen-Produktionslinie zu kaufen<\/figcaption><\/figure> <\/div>   <h2 class=\"wp-block-heading\">Produktionslinie f\u00fcr Eierablagemaschinen nach Kolumbien verkauft<\/h2>    <p class=\"translation-block\">Ein Kunde aus <a href=\"https:\/\/en.wikipedia.org\/wiki\/Colombia\" target=\"_blank\" rel=\"noopener\">Kolumbien<\/a>, der neu im Umgang mit Eierkartonmaschinen war, kontaktierte uns, um seine erste Eierkarton-Herstellungsanlage einzurichten. Um ihm die Funktionen zu erl\u00e4utern, teilte unser Verk\u00e4ufer detaillierte Bilder und Videos. <\/p>    <p>Wir haben dann die Spezifikationen f\u00fcr alle verf\u00fcgbaren Modelle bereitgestellt, damit der Kunde das beste Modell f\u00fcr seine Bed\u00fcrfnisse ausw\u00e4hlen kann. Nach sorgf\u00e4ltiger \u00dcberlegung und Diskussion mit ihrem Partner entschieden sie sich, eine komplette Eierkarton-Produktionslinie von uns zu kaufen.<\/p>    <figure class=\"wp-block-gallery has-nested-images columns-default is-cropped wp-block-gallery-4 is-layout-flex wp-block-gallery-is-layout-flex\"> <figure class=\"wp-block-image size-large\"><img loading=\"lazy\" decoding=\"async\" width=\"720\" height=\"540\" data-id=\"250\" src=\"https:\/\/eggtraym.com\/wp-content\/uploads\/2022\/09\/Egg-tray-machine-production-line-.webp\" alt=\"Produktionslinie f\u00fcr Eierablagemaschinen\" class=\"wp-image-250\" title=\"Produktionslinie f\u00fcr Eierablagemaschinen\" srcset=\"https:\/\/eggtraym.com\/wp-content\/uploads\/2022\/09\/Egg-tray-machine-production-line-.webp 720w, https:\/\/eggtraym.com\/wp-content\/uploads\/2022\/09\/Egg-tray-machine-production-line--300x225.webp 300w\" sizes=\"auto, (max-width: 720px) 100vw, 720px\" \/><figcaption class=\"wp-element-caption\">Produktionslinie f\u00fcr Eierablagemaschinen<\/figcaption><\/figure>    <figure class=\"wp-block-image size-large\"><img loading=\"lazy\" decoding=\"async\" width=\"720\" height=\"540\" data-id=\"251\" src=\"https:\/\/eggtraym.com\/wp-content\/uploads\/2022\/09\/shipping-of-the-egg-tray-manufacturing-plant.webp\" alt=\"Versand der Eierschalen-Produktionsanlage\" class=\"wp-image-251\" title=\"Versand der Eierschalen-Produktionsanlage\" srcset=\"https:\/\/eggtraym.com\/wp-content\/uploads\/2022\/09\/shipping-of-the-egg-tray-manufacturing-plant.webp 720w, https:\/\/eggtraym.com\/wp-content\/uploads\/2022\/09\/shipping-of-the-egg-tray-manufacturing-plant-300x225.webp 300w\" sizes=\"auto, (max-width: 720px) 100vw, 720px\" \/><figcaption class=\"wp-element-caption\">Versand der Eierschalen-Produktionsanlage<\/figcaption><\/figure> <\/figure>    <p>Das Verst\u00e4ndnis des Herstellungsprozesses von Eierkartons ist entscheidend f\u00fcr die Auswahl der geeigneten Maschine. Wenn Sie Fragen zum Eierkarton-Herstellungswerk haben, senden Sie bitte Ihre Anfrage \u00fcber das Nachrichtenformular auf der rechten Seite, und wir werden innerhalb von 24 Stunden antworten.<\/p>","protected":false},"excerpt":{"rendered":"<p>Die Herstellung von Eierkartons kann eine automatisierte Produktion erm\u00f6glichen, die Produktionseffizienz und Produktqualit\u00e4t verbessern und die Nachfrage der Kunden nach gro\u00dfen Mengen an Eierkartonprodukten erf\u00fcllen.<\/p>","protected":false},"author":1,"featured_media":244,"parent":0,"template":"","tags":[41,42],"product-type":[8],"class_list":["post-202","product","type-product","status-publish","has-post-thumbnail","hentry","tag-egg-tray","tag-paper-tray","product-type-production-line"],"_links":{"self":[{"href":"https:\/\/eggtraym.com\/de\/wp-json\/wp\/v2\/product\/202","targetHints":{"allow":["GET"]}}],"collection":[{"href":"https:\/\/eggtraym.com\/de\/wp-json\/wp\/v2\/product"}],"about":[{"href":"https:\/\/eggtraym.com\/de\/wp-json\/wp\/v2\/types\/product"}],"author":[{"embeddable":true,"href":"https:\/\/eggtraym.com\/de\/wp-json\/wp\/v2\/users\/1"}],"wp:featuredmedia":[{"embeddable":true,"href":"https:\/\/eggtraym.com\/de\/wp-json\/wp\/v2\/media\/244"}],"wp:attachment":[{"href":"https:\/\/eggtraym.com\/de\/wp-json\/wp\/v2\/media?parent=202"}],"wp:term":[{"taxonomy":"post_tag","embeddable":true,"href":"https:\/\/eggtraym.com\/de\/wp-json\/wp\/v2\/tags?post=202"},{"taxonomy":"product-type","embeddable":true,"href":"https:\/\/eggtraym.com\/de\/wp-json\/wp\/v2\/product-type?post=202"}],"curies":[{"name":"wp","href":"https:\/\/api.w.org\/{rel}","templated":true}]}}