{"id":1068,"date":"2026-04-20T16:47:53","date_gmt":"2026-04-20T08:47:53","guid":{"rendered":"https:\/\/eggtraym.com\/?post_type=product&#038;p=1068"},"modified":"2026-04-20T16:52:56","modified_gmt":"2026-04-20T08:52:56","slug":"shoe-tray-making-machine","status":"publish","type":"product","link":"https:\/\/eggtraym.com\/de\/product\/shoe-tray-making-machine\/","title":{"rendered":"Schuhablage-Maschine | Linie f\u00fcr gepresste Schuh-Einlagen"},"content":{"rendered":"<div class=\"kk-star-ratings kksr-auto kksr-align-left kksr-valign-top\"     data-payload='{&quot;align&quot;:&quot;left&quot;,&quot;id&quot;:&quot;1068&quot;,&quot;slug&quot;:&quot;default&quot;,&quot;valign&quot;:&quot;top&quot;,&quot;ignore&quot;:&quot;&quot;,&quot;reference&quot;:&quot;auto&quot;,&quot;class&quot;:&quot;&quot;,&quot;count&quot;:&quot;77&quot;,&quot;legendonly&quot;:&quot;&quot;,&quot;readonly&quot;:&quot;&quot;,&quot;score&quot;:&quot;4.7&quot;,&quot;starsonly&quot;:&quot;&quot;,&quot;best&quot;:&quot;5&quot;,&quot;gap&quot;:&quot;5&quot;,&quot;greet&quot;:&quot;Rate this product&quot;,&quot;legend&quot;:&quot;4.7\\\/5 - (77 votes)&quot;,&quot;size&quot;:&quot;24&quot;,&quot;title&quot;:&quot;Shoe Tray Making Machine | Pulp Molded Shoe Insert Line&quot;,&quot;width&quot;:&quot;133.8&quot;,&quot;_legend&quot;:&quot;{score}\\\/{best} - ({count} {votes})&quot;,&quot;font_factor&quot;:&quot;1.25&quot;}'>              <div class=\"kksr-stars\">      <div class=\"kksr-stars-inactive\">             <div class=\"kksr-star\" data-star=\"1\" style=\"padding-right: 5px\">               <div class=\"kksr-icon\" style=\"width: 24px; height: 24px;\"><\/div>         <\/div>             <div class=\"kksr-star\" data-star=\"2\" style=\"padding-right: 5px\">               <div class=\"kksr-icon\" style=\"width: 24px; height: 24px;\"><\/div>         <\/div>             <div class=\"kksr-star\" data-star=\"3\" style=\"padding-right: 5px\">               <div class=\"kksr-icon\" style=\"width: 24px; height: 24px;\"><\/div>         <\/div>             <div class=\"kksr-star\" data-star=\"4\" style=\"padding-right: 5px\">               <div class=\"kksr-icon\" style=\"width: 24px; height: 24px;\"><\/div>         <\/div>             <div class=\"kksr-star\" data-star=\"5\" style=\"padding-right: 5px\">               <div class=\"kksr-icon\" style=\"width: 24px; height: 24px;\"><\/div>         <\/div>     <\/div>      <div class=\"kksr-stars-active\" style=\"width: 133.8px;\">             <div class=\"kksr-star\" style=\"padding-right: 5px\">               <div class=\"kksr-icon\" style=\"width: 24px; height: 24px;\"><\/div>         <\/div>             <div class=\"kksr-star\" style=\"padding-right: 5px\">               <div class=\"kksr-icon\" style=\"width: 24px; height: 24px;\"><\/div>         <\/div>             <div class=\"kksr-star\" style=\"padding-right: 5px\">               <div class=\"kksr-icon\" style=\"width: 24px; height: 24px;\"><\/div>         <\/div>             <div class=\"kksr-star\" style=\"padding-right: 5px\">               <div class=\"kksr-icon\" style=\"width: 24px; height: 24px;\"><\/div>         <\/div>             <div class=\"kksr-star\" style=\"padding-right: 5px\">               <div class=\"kksr-icon\" style=\"width: 24px; height: 24px;\"><\/div>         <\/div>     <\/div> <\/div>                   <div class=\"kksr-legend\" style=\"font-size: 19.2px;\">             4,7\/5 - (77 Bewertungen)    <\/div>     <\/div>  <p>Die Schuhablageherstellungsmaschine wird verwendet, um geformte Pulpeinlagen, Schuhspanner und Schuhverpackungsliner herzustellen. Sie nutzt Abfallpapier (wie alte Zeitungen, Kartons und B\u00fccher) als Rohmaterial und verwendet einen integrierten Prozess aus Pulpen, Vakuumformen, Entformen, Trocknen und Hei\u00dfpressen.<\/p>    <p>In Bezug auf die Produktionskapazit\u00e4t unterst\u00fctzt die Schuhablageherstellungsmaschine flexible Konfigurationen von 1.000 bis 7.000 Einheiten pro Stunde. Kunden k\u00f6nnen je nach Produktionsumfang verschiedene Modelle w\u00e4hlen, mit Optionen f\u00fcr einseitige, vierseitige und achtseitige Drehtellerdesigns. <\/p>    <p>Jede Formstation kann mit 3 bis 6 Formenpl\u00e4tzen konfiguriert werden, um die vielf\u00e4ltigen Anforderungen von kleinen und mittleren Fabriken bis hin zu gro\u00df angelegten Produktionslinien zu erf\u00fcllen.<\/p>    <figure class=\"wp-block-embed aligncenter is-type-video is-provider-youtube wp-block-embed-youtube wp-embed-aspect-16-9 wp-has-aspect-ratio\"><div class=\"wp-block-embed__wrapper\"> <iframe loading=\"lazy\" title=\"Pulpprodukt Schuh-Einlage-Herstellung | Umweltfreundliche Schuhst\u00fctzproduktion#papierrecycling\" width=\"500\" height=\"281\" src=\"https:\/\/www.youtube.com\/embed\/xYeHdUcdNZM?feature=oembed\" frameborder=\"0\" allow=\"accelerometer; autoplay; clipboard-write; encrypted-media; gyroscope; picture-in-picture; web-share\" referrerpolicy=\"strict-origin-when-cross-origin\" allowfullscreen><\/iframe> <\/div><figcaption class=\"wp-element-caption\">Arbeitsvideo der Schuhablageherstellungsmaschine<\/figcaption><\/figure>    <p>Angesichts der vielf\u00e4ltigen Struktur von Schuhprodukten (einschlie\u00dflich Turnschuhe, Lederschuhe und Kinderschuhe) unterst\u00fctzt die Schuhsohlenformmaschine vollst\u00e4ndig kundenspezifische Formen. <\/p>    <p>Formen k\u00f6nnen pr\u00e4zise entsprechend den Schuhma\u00dfen, St\u00fctzstrukturen und Markenanforderungen entwickelt werden, um sicherzustellen, dass die fertigen Produkte nicht nur hervorragenden Halt und Schutz bieten, sondern auch als effektive Pr\u00e4sentations- und Markenverpackungsl\u00f6sungen dienen.<\/p>    <h2 class=\"wp-block-heading\">Branchenanwendung der Schuhablageherstellungsmaschine<\/h2>    <ul class=\"wp-block-list\"> <li><strong>Vielseitige Produkttypen<\/strong>: in der Lage, Schuh-Einlagen, Bodenwannen, Kartonliner und individuell bedruckte Schuhablagen f\u00fcr verschiedene Verpackungsanforderungen herzustellen. <\/li>    <li><strong>Breite Branchenabdeckung<\/strong>: geeignet f\u00fcr Schuhhersteller, Exportverpackungsunternehmen, E-Commerce-Lager, \u00d6ko-Verpackungslieferanten und OEM\/ODM-Fabriken. <\/li>    <li><strong>Flexible Anwendungsszenarien<\/strong>: ideal f\u00fcr die gro\u00dfindustrielle Produktion umweltfreundlicher Schuhverpackungen, die Kunststoff- und Schaumstoffe ersetzen und die Umweltstandards der EU und USA erf\u00fcllen. <\/li>    <li><strong>Kosteneffektive L\u00f6sung<\/strong>: erm\u00f6glicht die interne Verpackungsproduktion, reduziert Material- und Logistikkosten und steigert gleichzeitig den Markenwert und die Produktpr\u00e4sentation.<\/li> <\/ul>    <figure class=\"wp-block-gallery has-nested-images columns-default is-cropped wp-block-gallery-2 is-layout-flex wp-block-gallery-is-layout-flex\"> <figure class=\"wp-block-image size-large\"><img loading=\"lazy\" decoding=\"async\" width=\"720\" height=\"540\" data-id=\"1072\" src=\"https:\/\/eggtraym.com\/wp-content\/uploads\/2026\/04\/shoe-tray-production.webp\" alt=\"Schuhablageproduktion\" class=\"wp-image-1072\" title=\"\" srcset=\"https:\/\/eggtraym.com\/wp-content\/uploads\/2026\/04\/shoe-tray-production.webp 720w, https:\/\/eggtraym.com\/wp-content\/uploads\/2026\/04\/shoe-tray-production-300x225.webp 300w, https:\/\/eggtraym.com\/wp-content\/uploads\/2026\/04\/shoe-tray-production-16x12.webp 16w\" sizes=\"auto, (max-width: 720px) 100vw, 720px\" \/><figcaption class=\"wp-element-caption\">Herstellung von Schuhablagen<\/figcaption><\/figure>    <figure class=\"wp-block-image size-large\"><img loading=\"lazy\" decoding=\"async\" width=\"720\" height=\"540\" data-id=\"1070\" src=\"https:\/\/eggtraym.com\/wp-content\/uploads\/2026\/04\/shoe-inserts.webp\" alt=\"Schuh-Einlagen\" class=\"wp-image-1070\" title=\"\" srcset=\"https:\/\/eggtraym.com\/wp-content\/uploads\/2026\/04\/shoe-inserts.webp 720w, https:\/\/eggtraym.com\/wp-content\/uploads\/2026\/04\/shoe-inserts-300x225.webp 300w, https:\/\/eggtraym.com\/wp-content\/uploads\/2026\/04\/shoe-inserts-16x12.webp 16w\" sizes=\"auto, (max-width: 720px) 100vw, 720px\" \/><figcaption class=\"wp-element-caption\">Schuh-Einlagen aus der Schuhablageherstellungsmaschine<\/figcaption><\/figure>    <figure class=\"wp-block-image size-large\"><img loading=\"lazy\" decoding=\"async\" width=\"720\" height=\"540\" data-id=\"1071\" src=\"https:\/\/eggtraym.com\/wp-content\/uploads\/2026\/04\/shoe-support-tray.webp\" alt=\"Schuhst\u00fctzablage\" class=\"wp-image-1071\" title=\"\" srcset=\"https:\/\/eggtraym.com\/wp-content\/uploads\/2026\/04\/shoe-support-tray.webp 720w, https:\/\/eggtraym.com\/wp-content\/uploads\/2026\/04\/shoe-support-tray-300x225.webp 300w, https:\/\/eggtraym.com\/wp-content\/uploads\/2026\/04\/shoe-support-tray-16x12.webp 16w\" sizes=\"auto, (max-width: 720px) 100vw, 720px\" \/><figcaption class=\"wp-element-caption\">Schuhst\u00fctzablage<\/figcaption><\/figure> <\/figure>    <h2 class=\"wp-block-heading\">Vorteile der Pulpprodukt-Schuh-Einlagen-Herstellung<\/h2>    <ul class=\"wp-block-list\"> <li>Die Produkte werden durch einen Recyclingprozess aus Abfallpapier hergestellt, sind 100 % biologisch abbaubar und erf\u00fcllen die Anforderungen der \u201aPlastikbeschr\u00e4nkungsverordnung\u2018.<\/li>    <li>Die Verwendung von Abfallpapier, Kartons, alten B\u00fcchern und \u00e4hnlichen Materialien als Rohstoffe gew\u00e4hrleistet eine breite Quellenbasis, niedrige Kosten und erhebliche Gewinnspannen.<\/li>    <li>Wir unterst\u00fctzen die Anpassung f\u00fcr verschiedene Strukturen, einschlie\u00dflich Schuh-Einlagen, Schuhspanner und Schuhkartonliner, und k\u00f6nnen auch Markenlogos gravieren.<\/li>    <li>Durch einfachen Austausch der Formen k\u00f6nnen wir produzieren: Schuh-Einlagen, Schuhspanner, Eierkartons, Kaffeetassenuntersetzer, medizinische Schalen und Liners f\u00fcr elektronische Produkte.<\/li>    <li>Ein intelligentes PLC-Steuerungssystem in Kombination mit automatischem Stapeln und Verpacken reduziert den manuellen Arbeitsaufwand erheblich.<\/li> <\/ul>    <h2 class=\"wp-block-heading\">Funktionsprinzip der Schuhablageherstellungsmaschine<\/h2>    <p>Die Schuhablageherstellungsmaschine verwendet fortschrittliche Vakuumformungstechnologie f\u00fcr geformte Pulpe, um aus Abfallpapier hochfeste, umweltfreundliche Schuhablagen durch einen vollautomatischen Produktionsprozess herzustellen.<\/p>    <p>Die komplette Produktionslinie integriert Pulpen, Formen, Trocknen, Hei\u00dfpressen und automatische Verpackungssysteme, was eine kontinuierliche, gro\u00df angelegte und standardisierte Produktion erm\u00f6glicht.<\/p>    <figure class=\"wp-block-gallery has-nested-images columns-default is-cropped wp-block-gallery-3 is-layout-flex wp-block-gallery-is-layout-flex\"> <figure class=\"wp-block-image size-large\"><img loading=\"lazy\" decoding=\"async\" width=\"720\" height=\"540\" data-id=\"1073\" src=\"https:\/\/eggtraym.com\/wp-content\/uploads\/2026\/04\/automatic-shoe-tray-forming-machine.webp\" alt=\"Automatische Schuhablageformmaschine\" class=\"wp-image-1073\" title=\"\" srcset=\"https:\/\/eggtraym.com\/wp-content\/uploads\/2026\/04\/automatic-shoe-tray-forming-machine.webp 720w, https:\/\/eggtraym.com\/wp-content\/uploads\/2026\/04\/automatic-shoe-tray-forming-machine-300x225.webp 300w, https:\/\/eggtraym.com\/wp-content\/uploads\/2026\/04\/automatic-shoe-tray-forming-machine-16x12.webp 16w\" sizes=\"auto, (max-width: 720px) 100vw, 720px\" \/><figcaption class=\"wp-element-caption\">Automatische Schuhablageformmaschine<\/figcaption><\/figure>    <figure class=\"wp-block-image size-large\"><img loading=\"lazy\" decoding=\"async\" width=\"720\" height=\"540\" data-id=\"1074\" src=\"https:\/\/eggtraym.com\/wp-content\/uploads\/2026\/04\/shoe-tray-making-machine.webp\" alt=\"Schuhablageherstellungsmaschine\" class=\"wp-image-1074\" title=\"\" srcset=\"https:\/\/eggtraym.com\/wp-content\/uploads\/2026\/04\/shoe-tray-making-machine.webp 720w, https:\/\/eggtraym.com\/wp-content\/uploads\/2026\/04\/shoe-tray-making-machine-300x225.webp 300w, https:\/\/eggtraym.com\/wp-content\/uploads\/2026\/04\/shoe-tray-making-machine-16x12.webp 16w\" sizes=\"auto, (max-width: 720px) 100vw, 720px\" \/><figcaption class=\"wp-element-caption\">Schuhablageherstellungsmaschine<\/figcaption><\/figure> <\/figure>   <div id=\"rank-math-howto\" class=\"rank-math-block\" > <div class=\"rank-math-howto-description\">  <\/div>  <div class=\"rank-math-steps\"> <div id=\"howto-step-1776670153872\" class=\"rank-math-step\"> <h3 class=\"rank-math-step-title\">Pulpsystem<\/h3> <div class=\"rank-math-step-content\"><p>Altpapier wird in einem Hydraulikpulper mit Wasser und Additiven vermischt, wo es zu einer einheitlichen, feinen Pulpe zerkleinert wird, die dann in einem Pulpetank zur Lagerung transportiert wird.<\/p> <\/div> <\/div> <div id=\"howto-step-1776670161648\" class=\"rank-math-step\"> <h3 class=\"rank-math-step-title\">Formungssystem<\/h3> <div class=\"rank-math-step-content\"><p>Das Pulpenmaterial wird durch Vakuumsaugen auf die Form gezogen, wodurch eine nasse Schuhsohlenrohform auf der Formoberfl\u00e4che entsteht, die dann automatisch auf ein F\u00f6rderbandsystem \u00fcbertragen wird, um entformt zu werden.<\/p> <\/div> <\/div> <div id=\"howto-step-1776670175748\" class=\"rank-math-step\"> <h3 class=\"rank-math-step-title\">Trocknungssystem<\/h3> <div class=\"rank-math-step-content\"><p>Die nassen Schuhsohlenrohlinge werden durch eine Hei\u00dflufttrocknungslinie, Tunnelofen oder nat\u00fcrliche Trocknung schnell entw\u00e4ssert, um eine vorl\u00e4ufige Formgebung zu erreichen.<\/p> <\/div> <\/div> <div id=\"howto-step-1776670185471\" class=\"rank-math-step\"> <h3 class=\"rank-math-step-title\">Hei\u00dfpresssystem<\/h3> <div class=\"rank-math-step-content\"><p>Die getrockneten Schuhsohlen werden bei hohen Temperaturen und hohem Druck geformt, um das Produkt robuster, flacher und strukturell stabiler zu machen, w\u00e4hrend die Stapel- und Transportleistung verbessert wird.<\/p> <\/div> <\/div> <div id=\"howto-step-1776670198136\" class=\"rank-math-step\"> <h3 class=\"rank-math-step-title\">Automatisches Verpackungssystem<\/h3> <div class=\"rank-math-step-content\"><p>Fertige Produkte werden automatisch gestapelt, gez\u00e4hlt und verpackt, um eine standardisierte Handhabung vor dem Versand zu gew\u00e4hrleisten.<\/p> <\/div> <\/div> <\/div> <\/div>       <h2 class=\"wp-block-heading\">Hei\u00dfpressformmaschine (Schl\u00fcssel-Upgrading-Ausr\u00fcstung)<\/h2>    <div class=\"wp-block-media-text is-stacked-on-mobile\"><figure class=\"wp-block-media-text__media\"><img loading=\"lazy\" decoding=\"async\" width=\"540\" height=\"720\" src=\"https:\/\/eggtraym.com\/wp-content\/uploads\/2026\/04\/hot-press-moulding-machine.webp\" alt=\"hot-press moulding machine\" class=\"wp-image-1076 size-full\" title=\"\" srcset=\"https:\/\/eggtraym.com\/wp-content\/uploads\/2026\/04\/hot-press-moulding-machine.webp 540w, https:\/\/eggtraym.com\/wp-content\/uploads\/2026\/04\/hot-press-moulding-machine-225x300.webp 225w, https:\/\/eggtraym.com\/wp-content\/uploads\/2026\/04\/hot-press-moulding-machine-9x12.webp 9w\" sizes=\"auto, (max-width: 540px) 100vw, 540px\" \/><\/figure><div class=\"wp-block-media-text__content\"> <p>Das Hei\u00dfpresssystem ist eines der Kernst\u00fccke der Ausr\u00fcstung, das die Qualit\u00e4t der Schuhsohlen bestimmt. Durch pr\u00e4zise Steuerung von Temperatur und Druck gew\u00e4hrleistet es, dass das Produkt bietet:<\/p>    <ul class=\"wp-block-list\"> <li>Erh\u00f6hte Steifigkeit<\/li>    <li>Eine glattere Oberfl\u00e4che<\/li>    <li>Verbesserte strukturelle Stabilit\u00e4t<\/li>    <li>Einfacheres Stapeln und Transport<\/li> <\/ul>    <p>Gleichzeitig verbessert es erheblich die visuelle Qualit\u00e4t des Produkts, was es f\u00fcr den hochwertigen Schuhverpackungsmarkt geeigneter macht.<\/p> <\/div><\/div>    <h2 class=\"wp-block-heading\">Technische Parameter der Schuhablageherstellungsmaschine<\/h2>    <figure class=\"wp-block-table is-style-stripes\"><table class=\"has-fixed-layout\"><tbody><tr><td><strong>Modell<\/strong><\/td><td><strong>Produktion<\/strong><br><strong>Kapazit\u00e4t<\/strong><\/td><td><strong>Gesamt <\/strong><br><strong>Leistung<\/strong><\/td><td><strong>Stromspannung<\/strong><\/td><td><strong>Installiert <\/strong><br><strong>Bereich<\/strong><\/td><td><strong>Pulpe <\/strong><br><strong>Verbrauch<\/strong><\/td><td><strong>Wasser <\/strong><br><strong>Verbrauch<\/strong><\/td><td><strong>Produktion <\/strong><br><strong>Struktur<\/strong><\/td><\/tr><tr><td>SL-1000<\/td><td>800\u20131000 <br>St\u00fcck\/h<\/td><td>35\u201340 kW<\/td><td>380V \/ <br>50Hz<\/td><td>~70\u201390 <br>m\u00b2<\/td><td>70\u201390 <br>kg\/h<\/td><td>140\u2013180 <br>kg\/h<\/td><td>Einzel-<br>Seitenrotations<\/td><\/tr><tr><td>SL-1500<\/td><td>1200\u2013<br>1500 <br>St\u00fcck\/h<\/td><td>40\u201345 kW<\/td><td>380V \/ <br>50Hz<\/td><td>~90\u2013110 <br>m\u00b2<\/td><td>100\u2013130 <br>kg\/h<\/td><td>200\u2013260 <br>kg\/h<\/td><td>Einzel \/ <br>Vier-Seiten <br>Optional<\/td><\/tr><tr><td>SL-2500<\/td><td>2000\u2013<br>2500 <br>St\u00fcck\/h<\/td><td>50\u201360 kW<\/td><td>380V \/ <br>50Hz<\/td><td>~110\u2013140 <br>m\u00b2<\/td><td>160\u2013220 <br>kg\/h<\/td><td>320\u2013440 <br>kg\/h<\/td><td>Vier-Seiten <br>Dreh <br>System<\/td><\/tr><tr><td>SL-3000<\/td><td>2600\u2013<br>3200 <br>St\u00fcck\/h<\/td><td>60\u201370 kW<\/td><td>380V \/ <br>50Hz<\/td><td>~130\u2013160 <br>m\u00b2<\/td><td>220\u2013260 <br>kg\/h<\/td><td>440\u2013520 <br>kg\/h<\/td><td>Vier-Seiten <br>hoch-<br>Effizienz<\/td><\/tr><tr><td>SL-4000<\/td><td>3500\u2013<br>4200 <br>St\u00fcck\/h<\/td><td>85\u2013100 <br>kW<\/td><td>380V \/ <br>50Hz<\/td><td>~160\u2013200 <br>m\u00b2<\/td><td>280\u2013340 <br>kg\/h<\/td><td>560\u2013680 <br>kg\/h<\/td><td>Vier \/ <br>Acht-Seiten <br>Optional<\/td><\/tr><tr><td>SL-5000<\/td><td>4500\u2013<br>5200 <br>St\u00fcck\/h<\/td><td>100\u2013110 <br>kW<\/td><td>380V \/ <br>50Hz<\/td><td>~180\u2013220 <br>m\u00b2<\/td><td>360\u2013420 <br>kg\/h<\/td><td>720\u2013840 <br>kg\/h<\/td><td>Acht-Seiten <br>Dreh <br>System<\/td><\/tr><tr><td>SL-7000<\/td><td>6000\u2013<br>7000 <br>St\u00fcck\/h<\/td><td>110\u2013130 <br>kW<\/td><td>380V \/ <br>50Hz<\/td><td>~220\u2013260 <br>m\u00b2<\/td><td>450\u2013520 <br>kg\/h<\/td><td>900\u20131050 <br>kg\/h<\/td><td>Hoch-<br>Geschwindigkeit <br>Multi-<br>Station<\/td><\/tr><\/tbody><\/table><figcaption class=\"wp-element-caption\">Detaillierte Spezifikationen der Schuhablageherstellungsmaschine<\/figcaption><\/figure>    <p>Durch den Austausch der Formen kann die gleiche Produktionslinie auch umweltfreundliche Verpackungsprodukte wie Eierkartons, Apfelkisten und Kaffeetassenuntersetzer herstellen, um die Vielseitigkeit und Kapitalrendite der Ausr\u00fcstung zu maximieren.<\/p>    <p class=\"translation-block\">Wenn Sie an anderer Pulpproduktionsausr\u00fcstung interessiert sind, wie z.B. Eierkartonformmaschinen, <strong><em><a href=\"https:\/\/eggtraym.com\/de\/product\/fruit-tray-making-machine\/\">Apfelkartonformmaschinen<\/a><\/em><\/strong> und <strong><em><a href=\"https:\/\/eggtraym.com\/de\/product\/paper-pulp-coffee-cup-holder-making-machine\/\">Kaffeetassenformmaschinen<\/a><\/em><\/strong>. Bitte z\u00f6gern Sie nicht, uns zu kontaktieren, um mehr \u00fcber unser Produktsortiment zu erfahren und unsere umfassenden umweltfreundlichen Verpackungsl\u00f6sungen zu entdecken.<\/p>","protected":false},"excerpt":{"rendered":"<p>Die Schuhablageherstellungsmaschine kann Abfallpapierpulpe verwenden, um umweltfreundliche Schuhsohlen, Schuhspanner und Schuhverpackungsliner herzustellen, mit hoher Produktionskapazit\u00e4t, niedrigen Kosten und Anpassungsoptionen.<\/p>","protected":false},"author":1,"featured_media":1075,"parent":0,"template":"","tags":[42,51],"product-type":[3],"class_list":["post-1068","product","type-product","status-publish","has-post-thumbnail","hentry","tag-paper-tray","tag-shoe-tray","product-type-egg-tray-making-machine"],"_links":{"self":[{"href":"https:\/\/eggtraym.com\/de\/wp-json\/wp\/v2\/product\/1068","targetHints":{"allow":["GET"]}}],"collection":[{"href":"https:\/\/eggtraym.com\/de\/wp-json\/wp\/v2\/product"}],"about":[{"href":"https:\/\/eggtraym.com\/de\/wp-json\/wp\/v2\/types\/product"}],"author":[{"embeddable":true,"href":"https:\/\/eggtraym.com\/de\/wp-json\/wp\/v2\/users\/1"}],"wp:featuredmedia":[{"embeddable":true,"href":"https:\/\/eggtraym.com\/de\/wp-json\/wp\/v2\/media\/1075"}],"wp:attachment":[{"href":"https:\/\/eggtraym.com\/de\/wp-json\/wp\/v2\/media?parent=1068"}],"wp:term":[{"taxonomy":"post_tag","embeddable":true,"href":"https:\/\/eggtraym.com\/de\/wp-json\/wp\/v2\/tags?post=1068"},{"taxonomy":"product-type","embeddable":true,"href":"https:\/\/eggtraym.com\/de\/wp-json\/wp\/v2\/product-type?post=1068"}],"curies":[{"name":"wp","href":"https:\/\/api.w.org\/{rel}","templated":true}]}}