{"id":45,"date":"2022-09-07T06:40:27","date_gmt":"2022-09-07T06:40:27","guid":{"rendered":"https:\/\/eggtraym.com\/?page_id=45"},"modified":"2025-08-05T17:42:08","modified_gmt":"2025-08-05T09:42:08","slug":"contact-us","status":"publish","type":"page","link":"https:\/\/eggtraym.com\/de\/contact-us\/","title":{"rendered":"Kontaktieren Sie uns"},"content":{"rendered":"<div class=\"wp-block-columns is-layout-flex wp-container-core-columns-is-layout-9d6595d7 wp-block-columns-is-layout-flex\"> <div class=\"wp-block-column is-vertically-aligned-top is-content-justification-left is-layout-constrained wp-container-core-column-is-layout-02d07192 wp-block-column-is-layout-constrained\"> <h2 class=\"wp-block-heading\">Bitte beziehen Sie sich auf die folgenden Aspekte, um Ihre Anforderungen zu spezifizieren:<\/h2>    <ul class=\"wp-block-list\"> <li>Die Shuliy-Gruppe h\u00e4lt sich an die Prinzipien von Integrit\u00e4t, Pragmatismus und technologischer Innovation und konzentriert sich auf die Schaffung hochwertiger Ger\u00e4te. <\/li>    <li>Wir engagieren uns f\u00fcr einen kundenorientierten Ansatz, streben nicht nur nach Anerkennung, sondern auch danach, die Erwartungen zu \u00fcbertreffen, um unseren Kunden zu helfen, einen gr\u00f6\u00dferen Wert zu erzielen.<\/li> <\/ul> <\/div>    <div class=\"wp-block-column is-vertically-aligned-top is-layout-flow wp-block-column-is-layout-flow\" style=\"flex-basis:40%\"> <ol class=\"wp-block-list\"> <li>Was ist Ihr erwartetes Produktionsvolumen?<\/li>    <li>Ben\u00f6tigen Sie eine kontinuierliche Trocknungsanlage?<\/li>    <li>Gibt es spezifische Anforderungen an die Form, Dicke oder Anwendung des Endprodukts?<\/li>    <li>Was ist Ihr ungef\u00e4hres Budget f\u00fcr die Beschaffung von Ger\u00e4ten?<\/li>    <li>Welche Aspekte sind Ihnen am wichtigsten? (Wir bieten ma\u00dfgeschneiderte Dienstleistungen an.)<\/li> <\/ol>    <div class=\"wp-block-buttons is-layout-flex wp-block-buttons-is-layout-flex\"> <div class=\"wp-block-button\"><a class=\"wp-block-button__link wp-element-button\" href=\"https:\/\/api.whatsapp.com\/send?phone=+86%2017320158259&amp;text=Hi,%20I%20am%20interested%20in%20this%20product,%20please%20contact%20me.%20https:\/\/eggtraym.com\/contact-us\/\" data-no-translation=\"\">Get Started<\/a><\/div> <\/div> <\/div> <\/div>   <h1 style=\"font-style:normal;font-weight:700;\" class=\"has-text-align-left wp-block-site-title has-medium-font-size\"><a href=\"https:\/\/eggtraym.com\/de\" target=\"_self\" rel=\"home\">Maschine zur Herstellung von Eierschalen<\/a><\/h1>   <p class=\"has-text-align-left\">Komplettl\u00f6sungen f\u00fcr Eierablagen<\/p>    <div class=\"wp-block-buttons is-content-justification-center is-layout-flex wp-container-core-buttons-is-layout-16018d1d wp-block-buttons-is-layout-flex\"> <div class=\"wp-block-button has-custom-width wp-block-button__width-100\"><a class=\"wp-block-button__link wp-element-button\" href=\"https:\/\/www.youtube.com\/@eggtraymachinesupplier8158\" target=\"_blank\" rel=\"noopener\">Klicken Sie hier, um meine neuesten Videos anzusehen<\/a><\/div>    <div class=\"wp-block-button has-custom-width wp-block-button__width-100\"><a class=\"wp-block-button__link wp-element-button\" href=\"https:\/\/api.whatsapp.com\/send?phone=+86%2017320158259&amp;text=Hi,%20I%20am%20interested%20in%20this%20product,%20please%20contact%20me.%20https:\/\/eggtraym.com\/contact-us\/\" data-no-translation=\"\">Click to contact me on WhatsApp<\/a><\/div>    <div class=\"wp-block-button has-custom-width wp-block-button__width-100\"><a class=\"wp-block-button__link wp-element-button\">E-Mail: info@eggtraym.com<\/a><\/div>    <div class=\"wp-block-button has-custom-width wp-block-button__width-100\"><a class=\"wp-block-button__link wp-element-button\">Adresse: Jingkai Square East Hanghai Road, ETDZ, Zhengzhou, Henan, China<\/a><\/div> <\/div>","protected":false},"excerpt":{"rendered":"<p>Bitte beachten Sie die folgenden Aspekte, um Ihre Anforderungen zu spezifizieren: Komplettl\u00f6sungen f\u00fcr Eierkartons<\/p>","protected":false},"author":1,"featured_media":0,"parent":0,"menu_order":0,"comment_status":"closed","ping_status":"closed","template":"","meta":{"footnotes":""},"class_list":["post-45","page","type-page","status-publish","hentry"],"_links":{"self":[{"href":"https:\/\/eggtraym.com\/de\/wp-json\/wp\/v2\/pages\/45","targetHints":{"allow":["GET"]}}],"collection":[{"href":"https:\/\/eggtraym.com\/de\/wp-json\/wp\/v2\/pages"}],"about":[{"href":"https:\/\/eggtraym.com\/de\/wp-json\/wp\/v2\/types\/page"}],"author":[{"embeddable":true,"href":"https:\/\/eggtraym.com\/de\/wp-json\/wp\/v2\/users\/1"}],"replies":[{"embeddable":true,"href":"https:\/\/eggtraym.com\/de\/wp-json\/wp\/v2\/comments?post=45"}],"version-history":[{"count":0,"href":"https:\/\/eggtraym.com\/de\/wp-json\/wp\/v2\/pages\/45\/revisions"}],"wp:attachment":[{"href":"https:\/\/eggtraym.com\/de\/wp-json\/wp\/v2\/media?parent=45"}],"curies":[{"name":"wp","href":"https:\/\/api.w.org\/{rel}","templated":true}]}}