{"id":12,"date":"2022-09-06T08:42:41","date_gmt":"2022-09-06T08:42:41","guid":{"rendered":"https:\/\/eggtraym.com\/?page_id=12"},"modified":"2022-09-07T10:38:45","modified_gmt":"2022-09-07T10:38:45","slug":"about-us","status":"publish","type":"page","link":"https:\/\/eggtraym.com\/de\/about-us\/","title":{"rendered":"\u00dcber uns"},"content":{"rendered":"<div class=\"wp-block-media-text alignwide is-stacked-on-mobile\"><figure class=\"wp-block-media-text__media\"><img loading=\"lazy\" decoding=\"async\" width=\"720\" height=\"540\" src=\"https:\/\/eggtraym.com\/wp-content\/uploads\/2022\/09\/facotry-.webp\" alt=\"Shuliy-Fabrik\" class=\"wp-image-34 size-full\" title=\"\" srcset=\"https:\/\/eggtraym.com\/wp-content\/uploads\/2022\/09\/facotry-.webp 720w, https:\/\/eggtraym.com\/wp-content\/uploads\/2022\/09\/facotry--300x225.webp 300w\" sizes=\"auto, (max-width: 720px) 100vw, 720px\" \/><\/figure><div class=\"wp-block-media-text__content\"> <p>Shuliy Machinery wurde 1984 gegr\u00fcndet und hat hart daran gearbeitet, den Bereich der Eierschalenmaschinenausr\u00fcstung voranzutreiben. Als umweltfreundliche Maschine k\u00f6nnen die Eierablagemaschinen verschiedene Altpapierressourcen wiederverwenden, was sich positiv auf die Umwelt auswirkt. Seit der Gr\u00fcndung erfreuen sich unsere Produkte auch bei Kunden im In- und Ausland gro\u00dfer Beliebtheit. Und viele L\u00e4nder haben eine Zusammenarbeit mit uns aufgebaut, wie Nigeria, Bolivien, Kamerun, Mosambik, Usbekistan, Sambia, S\u00fcdafrika usw.<\/p> <\/div><\/div>    <h2 class=\"wp-block-heading\" id=\"h-main-products-and-finished-products\">Hauptprodukte und Fertigprodukte<\/h2>    <p class=\"translation-block\">Unsere Hauptprodukte sind <strong>Eierkartonmaschinen<\/strong>, <strong>Eierkartonproduktionslinien<\/strong>, <strong>Apfeltr\u00e4germaschinen<\/strong>, <strong>Pulp-Herstellungsmaschinen<\/strong>, <strong>Eierkartontrocknungsmaschinen<\/strong>, <strong>Hei\u00dfpressmaschinen<\/strong>, <strong>Verpackungsmaschinen<\/strong> usw., die die Eierkartonproduktionslinie bilden k\u00f6nnen. Neben Eierkartons k\u00f6nnen unsere Maschinen auch andere Fertigprodukte in verschiedenen Formen herstellen. Diese Fertigprodukte k\u00f6nnen f\u00fcr Eier, Fr\u00fcchte, Elektroger\u00e4te, Werkzeuge, Schuhe, Kaffee, Weinflaschen usw. verwendet werden.<\/p>    <figure class=\"wp-block-image size-full\"><img loading=\"lazy\" decoding=\"async\" width=\"720\" height=\"540\" src=\"https:\/\/eggtraym.com\/wp-content\/uploads\/2022\/09\/finished-products-.webp\" alt=\"fertige Produkte\" class=\"wp-image-36\" title=\"fertige Produkte\" srcset=\"https:\/\/eggtraym.com\/wp-content\/uploads\/2022\/09\/finished-products-.webp 720w, https:\/\/eggtraym.com\/wp-content\/uploads\/2022\/09\/finished-products--300x225.webp 300w\" sizes=\"auto, (max-width: 720px) 100vw, 720px\" \/><figcaption>Fertige Produkte<\/figcaption><\/figure>    <h2 class=\"wp-block-heading\" id=\"h-certificates\">Zertifikate<\/h2>    <p>Unser Unternehmen hat neben anderen damit verbundenen Zertifikaten auch die Zertifizierung des nationalen Qualit\u00e4tsmanagementsystems ISO9001:2008 bestanden.<\/p>    <figure class=\"wp-block-image size-full\"><img loading=\"lazy\" decoding=\"async\" width=\"720\" height=\"540\" src=\"https:\/\/eggtraym.com\/wp-content\/uploads\/2022\/09\/Certificates-.webp\" alt=\"Zertifikate\" class=\"wp-image-35\" title=\"Zertifikate\" srcset=\"https:\/\/eggtraym.com\/wp-content\/uploads\/2022\/09\/Certificates-.webp 720w, https:\/\/eggtraym.com\/wp-content\/uploads\/2022\/09\/Certificates--300x225.webp 300w\" sizes=\"auto, (max-width: 720px) 100vw, 720px\" \/><figcaption>Zertifikate<\/figcaption><\/figure>    <h2 class=\"wp-block-heading\" id=\"h-our-service\">Unser Service<\/h2>    <ol class=\"wp-block-list\"><li>Service im Verkauf. Wir stellen unseren Kunden Videos, Bilder und zuverl\u00e4ssige Maschinenl\u00f6sungen zur Verf\u00fcgung. Wir unterst\u00fctzen auch die kundenspezifische Anpassung von Maschinen und Produktformen. Bei Bedarf stellen wir unseren Kunden auch Skizzen und Pl\u00e4ne der Fabrik zur Verf\u00fcgung.<\/li><li>Kundendienst. Wir bieten unseren Kunden einen einj\u00e4hrigen Kundendienst. Installation und Inbetriebnahme von Maschinen f\u00fcr Kunden. Kunden k\u00f6nnen bei Fragen online und offline mit uns kommunizieren.<\/li><\/ol>    <p><\/p>","protected":false},"excerpt":{"rendered":"<p>Shuliy Machinery was established in 1984 and has been working hard to move forward in the field of egg tray machine equipment. As an environment-friendly machine, the egg tray machines can reuse various waste paper resources, which is beneficial to the environment. Since its establishment, our products have also been loved by customers both at [&hellip;]<\/p>\n","protected":false},"author":1,"featured_media":0,"parent":0,"menu_order":0,"comment_status":"closed","ping_status":"closed","template":"","meta":{"footnotes":""},"class_list":["post-12","page","type-page","status-publish","hentry"],"_links":{"self":[{"href":"https:\/\/eggtraym.com\/de\/wp-json\/wp\/v2\/pages\/12","targetHints":{"allow":["GET"]}}],"collection":[{"href":"https:\/\/eggtraym.com\/de\/wp-json\/wp\/v2\/pages"}],"about":[{"href":"https:\/\/eggtraym.com\/de\/wp-json\/wp\/v2\/types\/page"}],"author":[{"embeddable":true,"href":"https:\/\/eggtraym.com\/de\/wp-json\/wp\/v2\/users\/1"}],"replies":[{"embeddable":true,"href":"https:\/\/eggtraym.com\/de\/wp-json\/wp\/v2\/comments?post=12"}],"version-history":[{"count":0,"href":"https:\/\/eggtraym.com\/de\/wp-json\/wp\/v2\/pages\/12\/revisions"}],"wp:attachment":[{"href":"https:\/\/eggtraym.com\/de\/wp-json\/wp\/v2\/media?parent=12"}],"curies":[{"name":"wp","href":"https:\/\/api.w.org\/{rel}","templated":true}]}}